{"id":68,"date":"2024-09-22T13:06:17","date_gmt":"2024-09-22T11:06:17","guid":{"rendered":"https:\/\/stefkoweserce.pl\/?page_id=68"},"modified":"2024-10-24T19:55:32","modified_gmt":"2024-10-24T17:55:32","slug":"etna-2","status":"publish","type":"page","link":"https:\/\/stefkoweserce.pl\/?page_id=68","title":{"rendered":"Etna"},"content":{"rendered":"\n<p>Etna Alikalia*PL to kotka niebieska pr\u0119gowana o wyj\u0105tkowym charakterze. Etna jest prawdziw\u0105 indywidualistk\u0105, a jednak kocha ludzi i wszystkie zwierz\u0119ta. Dnie woli sp\u0119dza\u0107 na zabawie ze swoimi hodowlanymi przyjaci\u00f3\u0142mi. W nocy za\u015b \u015bpi z nami w \u0142\u00f3\u017cku. G\u0142o\u015bno mruczy i przytula si\u0119. Etna jest bardzo m\u0105dra i radzi sobie w wielu sytuacjach. <\/p>\n\n\n\n<p>Przyby\u0142a do naszego domu z Ostrowa Wielkopolskiego w wieku 3 miesi\u0119cy. Od tego czasu zachwyca nas swoim pi\u0119knym umaszczeniem i mi\u0119ciutkim futrem. <\/p>\n\n\n\n<p>Etna uwielbia wszelkiego rodzaju pi\u0142eczki. <\/p>\n\n\n\n<p>FIV\/FELV &#8211; negatywne, <\/p>\n\n\n\n<p>HCM i PKD &#8211; USG normalne<\/p>\n\n\n\n<p><a href=\"https:\/\/ssl.felispolonia.eu\/rodowod.php?hid=6y73y5y8s\" target=\"_blank\" rel=\"noreferrer noopener\">RODOW\u00d3D<\/a><\/p>\n\n\n\n<figure class=\"wp-block-image size-large is-resized\"><img loading=\"lazy\" decoding=\"async\" width=\"768\" height=\"1024\" src=\"https:\/\/stefkoweserce.pl\/wp-content\/uploads\/2024\/09\/Zdjecie-WhatsApp-2024-06-24-o-21.10.41_e77893a5-1-768x1024.jpg\" alt=\"\" class=\"wp-image-91\" style=\"width:272px;height:auto\" srcset=\"https:\/\/stefkoweserce.pl\/wp-content\/uploads\/2024\/09\/Zdjecie-WhatsApp-2024-06-24-o-21.10.41_e77893a5-1-768x1024.jpg 768w, https:\/\/stefkoweserce.pl\/wp-content\/uploads\/2024\/09\/Zdjecie-WhatsApp-2024-06-24-o-21.10.41_e77893a5-1-225x300.jpg 225w, https:\/\/stefkoweserce.pl\/wp-content\/uploads\/2024\/09\/Zdjecie-WhatsApp-2024-06-24-o-21.10.41_e77893a5-1-1152x1536.jpg 1152w, https:\/\/stefkoweserce.pl\/wp-content\/uploads\/2024\/09\/Zdjecie-WhatsApp-2024-06-24-o-21.10.41_e77893a5-1.jpg 1536w\" sizes=\"auto, (max-width: 768px) 100vw, 768px\" \/><\/figure>\n","protected":false},"excerpt":{"rendered":"<p>Etna Alikalia*PL to kotka niebieska pr\u0119gowana o wyj\u0105tkowym charakterze. Etna jest prawdziw\u0105 indywidualistk\u0105, a jednak kocha ludzi i wszystkie zwierz\u0119ta. Dnie woli sp\u0119dza\u0107 na zabawie ze swoimi hodowlanymi przyjaci\u00f3\u0142mi. W &#8230;<\/p>\n","protected":false},"author":1,"featured_media":0,"parent":36,"menu_order":0,"comment_status":"closed","ping_status":"closed","template":"","meta":{"footnotes":""},"class_list":["post-68","page","type-page","status-publish","hentry"],"_links":{"self":[{"href":"https:\/\/stefkoweserce.pl\/index.php?rest_route=\/wp\/v2\/pages\/68","targetHints":{"allow":["GET"]}}],"collection":[{"href":"https:\/\/stefkoweserce.pl\/index.php?rest_route=\/wp\/v2\/pages"}],"about":[{"href":"https:\/\/stefkoweserce.pl\/index.php?rest_route=\/wp\/v2\/types\/page"}],"author":[{"embeddable":true,"href":"https:\/\/stefkoweserce.pl\/index.php?rest_route=\/wp\/v2\/users\/1"}],"replies":[{"embeddable":true,"href":"https:\/\/stefkoweserce.pl\/index.php?rest_route=%2Fwp%2Fv2%2Fcomments&post=68"}],"version-history":[{"count":4,"href":"https:\/\/stefkoweserce.pl\/index.php?rest_route=\/wp\/v2\/pages\/68\/revisions"}],"predecessor-version":[{"id":105,"href":"https:\/\/stefkoweserce.pl\/index.php?rest_route=\/wp\/v2\/pages\/68\/revisions\/105"}],"up":[{"embeddable":true,"href":"https:\/\/stefkoweserce.pl\/index.php?rest_route=\/wp\/v2\/pages\/36"}],"wp:attachment":[{"href":"https:\/\/stefkoweserce.pl\/index.php?rest_route=%2Fwp%2Fv2%2Fmedia&parent=68"}],"curies":[{"name":"wp","href":"https:\/\/api.w.org\/{rel}","templated":true}]}}