{"id":49,"date":"2024-09-22T10:36:34","date_gmt":"2024-09-22T08:36:34","guid":{"rendered":"https:\/\/stefkoweserce.pl\/?page_id=49"},"modified":"2024-12-27T09:09:19","modified_gmt":"2024-12-27T08:09:19","slug":"suzumi","status":"publish","type":"page","link":"https:\/\/stefkoweserce.pl\/?page_id=49","title":{"rendered":"Suzumi"},"content":{"rendered":"\n<p>Suzumi Zak\u0105tekNeko*Pl zwana z domu Suzu lub Suzi to kotka bardzo przyjazna, rozmruczana, zawsze ch\u0119tna do zabawy. <\/p>\n\n\n\n<p>Urodzi\u0142a si\u0119 14.02.2024 r, a trzy miesi\u0105ce p\u00f3\u017aniej trafi\u0142a do nas, przynosz\u0105c mn\u00f3stwo rado\u015bci. <\/p>\n\n\n\n<p>Suzi ma umaszczenie czarne solid z biel\u0105 &#8211; ma bia\u0142e skarpetki, bia\u0142\u0105 brod\u0119 oraz cz\u0119\u015b\u0107 podr\u00f3bka\/szyi i cieniutki bia\u0142y pasek na brzuchu. Jej kolor jest okre\u015blony SIB n 09 w EMS. <\/p>\n\n\n\n<p>PKD &#8211; USG normalne,bez nieprawid\u0142owo\u015bci<\/p>\n\n\n\n<p>HCM &#8211; USG normalne, bez nieprawid\u0142owo\u015bci<\/p>\n\n\n\n<p>FELV\/FIV &#8211; negatywne<\/p>\n\n\n\n<p><a href=\"https:\/\/ssl.felispolonia.eu\/rodowod.php?hid=66dhd9h\">RODOW\u00d3D<\/a><\/p>\n\n\n\n<figure class=\"wp-block-image size-large is-resized\"><img loading=\"lazy\" decoding=\"async\" width=\"768\" height=\"1024\" src=\"https:\/\/stefkoweserce.pl\/wp-content\/uploads\/2024\/09\/460476713_122135695346319406_1060434893565220724_n-768x1024.jpg\" alt=\"\" class=\"wp-image-54\" style=\"width:448px;height:auto\" srcset=\"https:\/\/stefkoweserce.pl\/wp-content\/uploads\/2024\/09\/460476713_122135695346319406_1060434893565220724_n-768x1024.jpg 768w, https:\/\/stefkoweserce.pl\/wp-content\/uploads\/2024\/09\/460476713_122135695346319406_1060434893565220724_n-225x300.jpg 225w, https:\/\/stefkoweserce.pl\/wp-content\/uploads\/2024\/09\/460476713_122135695346319406_1060434893565220724_n-1152x1536.jpg 1152w, https:\/\/stefkoweserce.pl\/wp-content\/uploads\/2024\/09\/460476713_122135695346319406_1060434893565220724_n.jpg 1536w\" sizes=\"auto, (max-width: 768px) 100vw, 768px\" \/><\/figure>\n\n\n\n<p><\/p>\n","protected":false},"excerpt":{"rendered":"<p>Suzumi Zak\u0105tekNeko*Pl zwana z domu Suzu lub Suzi to kotka bardzo przyjazna, rozmruczana, zawsze ch\u0119tna do zabawy. Urodzi\u0142a si\u0119 14.02.2024 r, a trzy miesi\u0105ce p\u00f3\u017aniej trafi\u0142a do nas, przynosz\u0105c mn\u00f3stwo &#8230;<\/p>\n","protected":false},"author":1,"featured_media":0,"parent":36,"menu_order":0,"comment_status":"closed","ping_status":"closed","template":"","meta":{"footnotes":""},"class_list":["post-49","page","type-page","status-publish","hentry"],"_links":{"self":[{"href":"https:\/\/stefkoweserce.pl\/index.php?rest_route=\/wp\/v2\/pages\/49","targetHints":{"allow":["GET"]}}],"collection":[{"href":"https:\/\/stefkoweserce.pl\/index.php?rest_route=\/wp\/v2\/pages"}],"about":[{"href":"https:\/\/stefkoweserce.pl\/index.php?rest_route=\/wp\/v2\/types\/page"}],"author":[{"embeddable":true,"href":"https:\/\/stefkoweserce.pl\/index.php?rest_route=\/wp\/v2\/users\/1"}],"replies":[{"embeddable":true,"href":"https:\/\/stefkoweserce.pl\/index.php?rest_route=%2Fwp%2Fv2%2Fcomments&post=49"}],"version-history":[{"count":5,"href":"https:\/\/stefkoweserce.pl\/index.php?rest_route=\/wp\/v2\/pages\/49\/revisions"}],"predecessor-version":[{"id":106,"href":"https:\/\/stefkoweserce.pl\/index.php?rest_route=\/wp\/v2\/pages\/49\/revisions\/106"}],"up":[{"embeddable":true,"href":"https:\/\/stefkoweserce.pl\/index.php?rest_route=\/wp\/v2\/pages\/36"}],"wp:attachment":[{"href":"https:\/\/stefkoweserce.pl\/index.php?rest_route=%2Fwp%2Fv2%2Fmedia&parent=49"}],"curies":[{"name":"wp","href":"https:\/\/api.w.org\/{rel}","templated":true}]}}