{"id":43,"date":"2024-09-22T09:22:18","date_gmt":"2024-09-22T07:22:18","guid":{"rendered":"https:\/\/stefkoweserce.pl\/?page_id=43"},"modified":"2025-09-20T10:34:18","modified_gmt":"2025-09-20T08:34:18","slug":"o-hodowli","status":"publish","type":"page","link":"https:\/\/stefkoweserce.pl\/","title":{"rendered":"O hodowli"},"content":{"rendered":"<div class=\"wp-block-image\">\n<figure class=\"aligncenter size-full is-resized\"><img loading=\"lazy\" decoding=\"async\" width=\"1024\" height=\"1024\" src=\"https:\/\/stefkoweserce.pl\/wp-content\/uploads\/2024\/09\/HODOWLA-KOTOW-SYBERYJSKICH.jpg\" alt=\"\" class=\"wp-image-110\" style=\"width:139px;height:auto\" srcset=\"https:\/\/stefkoweserce.pl\/wp-content\/uploads\/2024\/09\/HODOWLA-KOTOW-SYBERYJSKICH.jpg 1024w, https:\/\/stefkoweserce.pl\/wp-content\/uploads\/2024\/09\/HODOWLA-KOTOW-SYBERYJSKICH-300x300.jpg 300w, https:\/\/stefkoweserce.pl\/wp-content\/uploads\/2024\/09\/HODOWLA-KOTOW-SYBERYJSKICH-150x150.jpg 150w, https:\/\/stefkoweserce.pl\/wp-content\/uploads\/2024\/09\/HODOWLA-KOTOW-SYBERYJSKICH-768x768.jpg 768w\" sizes=\"auto, (max-width: 1024px) 100vw, 1024px\" \/><\/figure><\/div>\n\n\n<p class=\"has-black-color has-text-color has-link-color wp-elements-95695fa440870f19c5a1293e9c490272\">Jeste\u015bmy ma\u0142\u0105, domow\u0105 hodowl\u0105 kot\u00f3w syberyjskich z Warszawy.<\/p>\n\n\n\n<p class=\"has-black-color has-text-color has-link-color wp-elements-dc76f36878db4f2bbdd80e0d652ef915\">Koty s\u0105 cz\u0142onkami naszej rodziny &#8211; \u015bpi\u0105 z nami w \u0142\u00f3\u017ckach, sp\u0119dzaj\u0105 czas razem z nami. Nie s\u0105 zostawione same sobie. <\/p>\n\n\n\n<p class=\"has-black-color has-text-color has-link-color wp-elements-3a248334e9b68196f7225a137820b512\">Nasza hodowla kot\u00f3w syberyjskich jest pod sta\u0142\u0105 opiek\u0105 weterynaryjn\u0105 przychodni ca\u0142odobowej.<\/p>\n\n\n\n<p><\/p>\n\n\n\n<p class=\"has-black-color has-text-color has-link-color wp-elements-4fa011f0639005269f57e743255911a3\">Nazwa hodowli Stefkowe Serce powsta\u0142a na pami\u0105tk\u0119 kota Stefka, kt\u00f3ry odszed\u0142 za t\u0119czowy most jesieni\u0105 2023 roku (to wtedy zarejestrowali\u015bmy hodowl\u0119 w klubie Cat Club Feniks, kt\u00f3ry jest cz\u0142onkiem federacji FPL). Stefek by\u0142 kotkiem niesamowicie inteligentnym i kochanym. Odszed\u0142 w wieku 21,5 roku. Wszystkie nasze kolejne kotki staramy si\u0119 wychowywa\u0107 w podobny spos\u00f3b, co jego. Wszystko po to, by by\u0142y szcz\u0119\u015bliwe, ale te\u017c dobrze zsocjalizowane z innymi zwierz\u0119tami i lud\u017ami, nie ba\u0142y si\u0119 niczego, a jednocze\u015bnie nie okazywa\u0142y cech dominacji czy agresji. Staramy si\u0119, by nasze kotki by\u0142y odwa\u017cne, ciekawskie, ale te\u017c zbalansowane i nie niszczy\u0142y mebli. Nasze koty dobrze wsp\u00f3\u0142pracuj\u0105 r\u00f3wnie\u017c z dzie\u0107mi. <\/p>\n\n\n\n<p class=\"has-black-color has-text-color has-link-color wp-elements-b94dd2c41ed054f48ca14f7326cd3021\">Bardzo wa\u017cnym elementem jest dla nas tak\u017ce \u017cywienie. Podajemy naszym kotom karmy najlepszej jako\u015bci w trosce o ich zdrowie, a tak\u017ce pi\u0119kny wygl\u0105d.<\/p>\n\n\n\n<p class=\"has-black-color has-text-color has-link-color wp-elements-da6974e165b256dbffd3eff1342915d1\">Specjalizujemy si\u0119 w kotach syberyjskich czarnych, rudych i szylkretowych o klasycznej, syberyjskiej budowie. Nasze koci\u0119ta syberyjskie maj\u0105 r\u00f3wnie\u017c gen srebra. Niekt\u00f3re nasze kotki maj\u0105 srebrne rozja\u015bnienie, co skutkuje tym, \u017ce r\u00f3wnie\u017c ich dzieci mog\u0105 tak wygl\u0105da\u0107. Kocurki i  niekt\u00f3re koteczki nios\u0105 r\u00f3wnie\u017c gen z\u0142ota (siberian golden \/ sunshine), a wi\u0119c znajdziecie u nas r\u00f3wnie\u017c kociaki ze z\u0142otym futerkiem oraz nosicieli takiego genu.<\/p>\n\n\n\n<p class=\"has-black-color has-text-color has-link-color wp-elements-abd6032f619b14de58f8faf7715c42f6\">Nasze koty nie pochodz\u0105 z hodowli eksperymentalnych, maj\u0105 w rodowodach wy\u0142\u0105cznie syberyjskich przodk\u00f3w. W\u015br\u00f3d naszych kot\u00f3w hodowlanych znajdziecie wy\u0142\u0105cznie czystej rasy koty syberyjskie, bez domieszek innych ras. Nie mieszamy r\u00f3wnie\u017c odmiany colour point (Neva Masquerade) z klasycznymi kotami syberyjskimi. \u017baden z naszych kocur\u00f3w nie ma gen\u00f3w Colour Point.<\/p>\n\n\n\n<p class=\"has-black-color has-text-color has-link-color wp-elements-c998bfde4836e7ad7353446669e0d66b\">W naszej hodowli mieszka 6 kotek hodowlanych. Ka\u017cda z nich rodzi dzieci maksymalnie raz w roku, a zwykle rzadziej. Pozwala nam to regularnie oferowa\u0107 Pa\u0144stwu pi\u0119kne koty syberyjskie. Jednocze\u015bnie nie eksploatujemy, nie wykorzystujemy ich. Kotki s\u0105 dla nas cz\u0142onkami rodziny i chcemy, \u017ceby mia\u0142y mo\u017cliwo\u015b\u0107 pe\u0142nej regeneracji. <\/p>\n\n\n\n<p class=\"has-black-color has-text-color has-link-color wp-elements-8442c5887998309b6ff60a8e77fb4079\">W styczniu 2025 r. zapisali\u015bmy si\u0119 r\u00f3wnie\u017c do Stowarzyszenie Hodowc\u00f3w Kot\u00f3w, kt\u00f3re to jest cz\u0142onkiem najwi\u0119kszej na \u015bwiecie federacji felinologicznej WCF &#8211; World Cat Federation. <\/p>\n\n\n\n<p class=\"has-black-color has-text-color has-link-color wp-elements-0f626dc70c38b259aa20597753a76132\">Koty syberyjskie maj\u0105 statystycznie mniej alergizuj\u0105cego bia\u0142ka (a niekt\u00f3re nie maj\u0105 go wcale), st\u0105d nadaj\u0105 si\u0119 r\u00f3wnie\u017c dla os\u00f3b z lekkimi objawami uczulenia. Osobom z siln\u0105 alergi\u0105 polecamy wcze\u015bniejsze sprawdzenie &#8211; sp\u0119dzenie oko\u0142o godziny w towarzystwie kot\u00f3w w hodowli powinno da\u0107 ju\u017c odpowied\u017a. Oczywi\u015bcie takie &#8220;testy&#8221; mo\u017cemy przeprowadzi\u0107 w naszym domu po wcze\u015bniejszym um\u00f3wieniu.<\/p>\n\n\n\n<p class=\"has-black-color has-text-color has-link-color wp-elements-9b1ec77a6bbb71174b06126de1a35a5f\">Kociaki opuszczaj\u0105ce nasz\u0105 hodowle s\u0105 po zabiegu kastracji, dw\u00f3ch szczepieniach i dw\u00f3ch odrobaczeniach. Posiadaj\u0105 rodow\u00f3d honorowany wsz\u0119dzie na \u015bwiecie, ksi\u0105\u017ceczk\u0119 zdrowia z odpowiednimi adnotacjami oraz wyprawk\u0119 na pierwsze chwile w nowym domu. <\/p>\n\n\n\n<p class=\"has-black-color has-text-color has-link-color wp-elements-3d8640885ab0601e79a8d161cd99c6e1\">W razie potrzeby s\u0142u\u017cymy r\u00f3wnie\u017c rad\u0105 i wsparciem dla przysz\u0142ych opiekun\u00f3w naszych koci\u0105t lub po prostu mi\u0142o\u015bnik\u00f3w rasy syberyjskiej. Kot syberyjski to naprawd\u0119 wspania\u0142y towarzysz \u017cycia. <\/p>\n\n\n\n<p class=\"has-black-color has-text-color has-link-color wp-elements-2af877bdf8dd5239c791f40322225ea6\">Na co dzie\u0144 przebywamy z kotami ca\u0142y czas, pracuj\u0105c zawodowo online (<a href=\"http:\/\/www.outsidethebox.com.pl)\">www.outsidethebox.com.pl<\/a> oraz <a href=\"http:\/\/www.edumindset.pl\">www.edumindset.pl)<\/a>,. koty s\u0105 jednak wychowywane w taki spos\u00f3b, by dobrze odnalaz\u0142y si\u0119 w ka\u017cdym domu. B\u0119d\u0105 szcz\u0119\u015bliwe z osobami, kt\u00f3re wychodz\u0105 na d\u0142ugie godziny, sp\u0119dzaj\u0105 ca\u0142y czas w domu, samotnymi, ale te\u017c w\u015br\u00f3d du\u017cej rodziny, dzieci, innych zwierz\u0105t. Odpowiednia socjalizacja to dla nas stanowczo podstawa. Nie znajdziesz u nas kota dzikiego, l\u0119kliwego czy agresywnego.<\/p>\n\n\n\n<p class=\"has-black-color has-text-color has-link-color wp-elements-2571d2c7c85535dbbe01ab142518dd45\">Wydajemy koty w wieku 13-18 tygodni. Zale\u017cnie od potrzeb rodziny i rozwoju &#8211; w tym r\u00f3wnie\u017c emocjonalnego! koci\u0119cia.<\/p>\n\n\n\n<p><\/p>\n\n\n\n<p>Plany hodowlane b\u0119dziemy zamiesza\u0107 na stronie regularnie w pierwszym kwartale ka\u017cdego roku, poczynaj\u0105c od stycznia 2025. Zapraszamy do \u015bledzenia nas na <a href=\"https:\/\/www.facebook.com\/profile.php?id=61559582194973\" target=\"_blank\" rel=\"noreferrer noopener\">Facebooku<\/a> oraz <a href=\"https:\/\/www.instagram.com\/stefkoweserce_hodowla\" target=\"_blank\" rel=\"noreferrer noopener\">Instagramie<\/a>.<\/p>\n\n\n\n<p class=\"has-black-color has-text-color has-link-color wp-elements-1a4f2efa8ebeb38598d94446a36ba974\">Na naszej stronie zobaczysz nie tylko pi\u0119kne koty syberyjskie, ale r\u00f3wnie\u017c b\u0119dziemy si\u0119 dzieli\u0107 si\u0119 ciekawostkami o zdrowiu i potrzebach kot\u00f3w jako gatunku oraz wa\u017cn\u0105 wiedz\u0105 na temat rozwoju koci\u0105t. To znajdziecie w zak\u0142adce CIEKAWOSTKI Z \u017bYCIA HODOWLI<\/p>\n\n\n\n<figure class=\"wp-block-image size-full is-resized\"><img loading=\"lazy\" decoding=\"async\" width=\"768\" height=\"840\" src=\"https:\/\/stefkoweserce.pl\/wp-content\/uploads\/2024\/09\/R-2-2.jpeg\" alt=\"\" class=\"wp-image-113\" style=\"width:243px;height:auto\" srcset=\"https:\/\/stefkoweserce.pl\/wp-content\/uploads\/2024\/09\/R-2-2.jpeg 768w, https:\/\/stefkoweserce.pl\/wp-content\/uploads\/2024\/09\/R-2-2-274x300.jpeg 274w\" sizes=\"auto, (max-width: 768px) 100vw, 768px\" \/><\/figure>\n\n\n<div class=\"wp-block-image\">\n<figure class=\"alignleft size-full\"><img loading=\"lazy\" decoding=\"async\" width=\"218\" height=\"218\" src=\"https:\/\/stefkoweserce.pl\/wp-content\/uploads\/2025\/02\/logo-ccf_orange.png\" alt=\"\" class=\"wp-image-248\" srcset=\"https:\/\/stefkoweserce.pl\/wp-content\/uploads\/2025\/02\/logo-ccf_orange.png 218w, https:\/\/stefkoweserce.pl\/wp-content\/uploads\/2025\/02\/logo-ccf_orange-150x150.png 150w\" sizes=\"auto, (max-width: 218px) 100vw, 218px\" \/><\/figure><\/div>\n\n<div class=\"wp-block-image\">\n<figure class=\"alignright size-large is-resized\"><img loading=\"lazy\" decoding=\"async\" width=\"1024\" height=\"1024\" src=\"https:\/\/stefkoweserce.pl\/wp-content\/uploads\/2025\/02\/SHK_WCF___proj_3-1024x1024.jpg\" alt=\"\" class=\"wp-image-250\" style=\"width:163px;height:auto\" srcset=\"https:\/\/stefkoweserce.pl\/wp-content\/uploads\/2025\/02\/SHK_WCF___proj_3-1024x1024.jpg 1024w, https:\/\/stefkoweserce.pl\/wp-content\/uploads\/2025\/02\/SHK_WCF___proj_3-300x300.jpg 300w, https:\/\/stefkoweserce.pl\/wp-content\/uploads\/2025\/02\/SHK_WCF___proj_3-150x150.jpg 150w, https:\/\/stefkoweserce.pl\/wp-content\/uploads\/2025\/02\/SHK_WCF___proj_3-768x768.jpg 768w, https:\/\/stefkoweserce.pl\/wp-content\/uploads\/2025\/02\/SHK_WCF___proj_3.jpg 1183w\" sizes=\"auto, (max-width: 1024px) 100vw, 1024px\" \/><\/figure><\/div>\n\n<div class=\"wp-block-image\">\n<figure class=\"aligncenter size-full\"><img loading=\"lazy\" decoding=\"async\" width=\"150\" height=\"156\" src=\"https:\/\/stefkoweserce.pl\/wp-content\/uploads\/2025\/02\/WCF-150.gif\" alt=\"\" class=\"wp-image-251\"\/><\/figure><\/div>","protected":false},"excerpt":{"rendered":"<p>Jeste\u015bmy ma\u0142\u0105, domow\u0105 hodowl\u0105 kot\u00f3w syberyjskich z Warszawy. Koty s\u0105 cz\u0142onkami naszej rodziny &#8211; \u015bpi\u0105 z nami w \u0142\u00f3\u017ckach, sp\u0119dzaj\u0105 czas razem z nami. Nie s\u0105 zostawione same sobie. Nasza &#8230;<\/p>\n","protected":false},"author":1,"featured_media":0,"parent":0,"menu_order":0,"comment_status":"closed","ping_status":"closed","template":"","meta":{"footnotes":""},"class_list":["post-43","page","type-page","status-publish","hentry"],"_links":{"self":[{"href":"https:\/\/stefkoweserce.pl\/index.php?rest_route=\/wp\/v2\/pages\/43","targetHints":{"allow":["GET"]}}],"collection":[{"href":"https:\/\/stefkoweserce.pl\/index.php?rest_route=\/wp\/v2\/pages"}],"about":[{"href":"https:\/\/stefkoweserce.pl\/index.php?rest_route=\/wp\/v2\/types\/page"}],"author":[{"embeddable":true,"href":"https:\/\/stefkoweserce.pl\/index.php?rest_route=\/wp\/v2\/users\/1"}],"replies":[{"embeddable":true,"href":"https:\/\/stefkoweserce.pl\/index.php?rest_route=%2Fwp%2Fv2%2Fcomments&post=43"}],"version-history":[{"count":16,"href":"https:\/\/stefkoweserce.pl\/index.php?rest_route=\/wp\/v2\/pages\/43\/revisions"}],"predecessor-version":[{"id":389,"href":"https:\/\/stefkoweserce.pl\/index.php?rest_route=\/wp\/v2\/pages\/43\/revisions\/389"}],"wp:attachment":[{"href":"https:\/\/stefkoweserce.pl\/index.php?rest_route=%2Fwp%2Fv2%2Fmedia&parent=43"}],"curies":[{"name":"wp","href":"https:\/\/api.w.org\/{rel}","templated":true}]}}