{"id":391,"date":"2025-10-07T17:22:25","date_gmt":"2025-10-07T15:22:25","guid":{"rendered":"https:\/\/stefkoweserce.pl\/?page_id=391"},"modified":"2026-03-17T18:54:23","modified_gmt":"2026-03-17T17:54:23","slug":"cetka","status":"publish","type":"page","link":"https:\/\/stefkoweserce.pl\/?page_id=391","title":{"rendered":"C\u0119tka"},"content":{"rendered":"\n<p>C\u0119tka [imi\u0119 hodowlane: Celia Od Kr\u00f3lowych] przylecia\u0142a do nas z Norwegii. <\/p>\n\n\n\n<p>Swoim dzieciom przeka\u017ce \u015bwietne geny. Ofiaruje im z\u0142oto, gen heterochromii [oczy ro\u017cnego koloru], \u015bnie\u017cn\u0105 biel oraz z\u0142oto [siberian sunshine\/corin]. Wzmocni nasz\u0105 lini\u0119 z\u0142otych kot\u00f3w. <\/p>\n\n\n\n<p>Bia\u0142a kotka o r\u00f3\u017cnych oczach by\u0142a naszym marzeniem od samego pocz\u0105tku prowadzenia hodowli. <\/p>\n\n\n\n<p>Celem i planem jest, by C\u0119tka urodzi\u0142a u nas tylko jeden miot koci\u0105t i zachowamy u siebie jej dziecko: idealnie, je\u015bli b\u0119dzie bia\u0142e, ale z\u0142ote te\u017c na pewno nas uraduje. <\/p>\n\n\n\n<p>Planowane krycie okre\u015blamy na lato 2026. Potem C\u0119tka b\u0119dzie poddana zabiegowi kastracji. <\/p>\n\n\n\n<p><\/p>\n","protected":false},"excerpt":{"rendered":"<p>C\u0119tka [imi\u0119 hodowlane: Celia Od Kr\u00f3lowych] przylecia\u0142a do nas z Norwegii. Swoim dzieciom przeka\u017ce \u015bwietne geny. Ofiaruje im z\u0142oto, gen heterochromii [oczy ro\u017cnego koloru], \u015bnie\u017cn\u0105 biel oraz z\u0142oto [siberian sunshine\/corin]. &#8230;<\/p>\n","protected":false},"author":1,"featured_media":0,"parent":0,"menu_order":0,"comment_status":"closed","ping_status":"closed","template":"","meta":{"footnotes":""},"class_list":["post-391","page","type-page","status-publish","hentry"],"_links":{"self":[{"href":"https:\/\/stefkoweserce.pl\/index.php?rest_route=\/wp\/v2\/pages\/391","targetHints":{"allow":["GET"]}}],"collection":[{"href":"https:\/\/stefkoweserce.pl\/index.php?rest_route=\/wp\/v2\/pages"}],"about":[{"href":"https:\/\/stefkoweserce.pl\/index.php?rest_route=\/wp\/v2\/types\/page"}],"author":[{"embeddable":true,"href":"https:\/\/stefkoweserce.pl\/index.php?rest_route=\/wp\/v2\/users\/1"}],"replies":[{"embeddable":true,"href":"https:\/\/stefkoweserce.pl\/index.php?rest_route=%2Fwp%2Fv2%2Fcomments&post=391"}],"version-history":[{"count":3,"href":"https:\/\/stefkoweserce.pl\/index.php?rest_route=\/wp\/v2\/pages\/391\/revisions"}],"predecessor-version":[{"id":426,"href":"https:\/\/stefkoweserce.pl\/index.php?rest_route=\/wp\/v2\/pages\/391\/revisions\/426"}],"wp:attachment":[{"href":"https:\/\/stefkoweserce.pl\/index.php?rest_route=%2Fwp%2Fv2%2Fmedia&parent=391"}],"curies":[{"name":"wp","href":"https:\/\/api.w.org\/{rel}","templated":true}]}}