{"id":377,"date":"2025-09-19T08:16:30","date_gmt":"2025-09-19T06:16:30","guid":{"rendered":"https:\/\/stefkoweserce.pl\/?page_id=377"},"modified":"2025-09-19T08:16:31","modified_gmt":"2025-09-19T06:16:31","slug":"o-rasie","status":"publish","type":"page","link":"https:\/\/stefkoweserce.pl\/?page_id=377","title":{"rendered":"O RASIE"},"content":{"rendered":"\n<p>Tutaj przeczytasz kilka fakt\u00f3w oraz odpowiedzi na najwa\u017cniejsze pytania na temat kot\u00f3w syberyjskich. Obalimy niekt\u00f3re mity, wyja\u015bnimy niekt\u00f3re niejasno\u015bci. Sekcja b\u0119dzie rozbudowywana regularnie, wi\u0119c warto zagl\u0105da\u0107. <\/p>\n\n\n\n<p>Aby pozna\u0107 znale\u017a\u0107 odpowiedzi na nurtuj\u0105ce pytania, wystarczy na nie klikn\u0105\u0107. \ud83d\ude42 <\/p>\n\n\n\n<p><\/p>\n\n\n\n<p><\/p>\n","protected":false},"excerpt":{"rendered":"<p>Tutaj przeczytasz kilka fakt\u00f3w oraz odpowiedzi na najwa\u017cniejsze pytania na temat kot\u00f3w syberyjskich. Obalimy niekt\u00f3re mity, wyja\u015bnimy niekt\u00f3re niejasno\u015bci. Sekcja b\u0119dzie rozbudowywana regularnie, wi\u0119c warto zagl\u0105da\u0107. Aby pozna\u0107 znale\u017a\u0107 odpowiedzi &#8230;<\/p>\n","protected":false},"author":1,"featured_media":0,"parent":0,"menu_order":0,"comment_status":"closed","ping_status":"closed","template":"","meta":{"footnotes":""},"class_list":["post-377","page","type-page","status-publish","hentry"],"_links":{"self":[{"href":"https:\/\/stefkoweserce.pl\/index.php?rest_route=\/wp\/v2\/pages\/377","targetHints":{"allow":["GET"]}}],"collection":[{"href":"https:\/\/stefkoweserce.pl\/index.php?rest_route=\/wp\/v2\/pages"}],"about":[{"href":"https:\/\/stefkoweserce.pl\/index.php?rest_route=\/wp\/v2\/types\/page"}],"author":[{"embeddable":true,"href":"https:\/\/stefkoweserce.pl\/index.php?rest_route=\/wp\/v2\/users\/1"}],"replies":[{"embeddable":true,"href":"https:\/\/stefkoweserce.pl\/index.php?rest_route=%2Fwp%2Fv2%2Fcomments&post=377"}],"version-history":[{"count":1,"href":"https:\/\/stefkoweserce.pl\/index.php?rest_route=\/wp\/v2\/pages\/377\/revisions"}],"predecessor-version":[{"id":379,"href":"https:\/\/stefkoweserce.pl\/index.php?rest_route=\/wp\/v2\/pages\/377\/revisions\/379"}],"wp:attachment":[{"href":"https:\/\/stefkoweserce.pl\/index.php?rest_route=%2Fwp%2Fv2%2Fmedia&parent=377"}],"curies":[{"name":"wp","href":"https:\/\/api.w.org\/{rel}","templated":true}]}}