{"id":362,"date":"2025-09-11T15:09:41","date_gmt":"2025-09-11T13:09:41","guid":{"rendered":"https:\/\/stefkoweserce.pl\/?page_id=362"},"modified":"2025-10-28T20:22:35","modified_gmt":"2025-10-28T19:22:35","slug":"szelma","status":"publish","type":"page","link":"https:\/\/stefkoweserce.pl\/?page_id=362","title":{"rendered":"Bluey"},"content":{"rendered":"\n<figure class=\"wp-block-image size-full is-resized\"><img loading=\"lazy\" decoding=\"async\" width=\"738\" height=\"995\" src=\"https:\/\/stefkoweserce.pl\/wp-content\/uploads\/2025\/09\/f611774a-fd69-4f45-a36e-1585c586bfae.jpg\" alt=\"\" class=\"wp-image-363\" style=\"width:365px;height:auto\" srcset=\"https:\/\/stefkoweserce.pl\/wp-content\/uploads\/2025\/09\/f611774a-fd69-4f45-a36e-1585c586bfae.jpg 738w, https:\/\/stefkoweserce.pl\/wp-content\/uploads\/2025\/09\/f611774a-fd69-4f45-a36e-1585c586bfae-223x300.jpg 223w\" sizes=\"auto, (max-width: 738px) 100vw, 738px\" \/><\/figure>\n\n\n\n<p>Bleuey to kotka niebieska solid urodzona wiosn\u0105 2025. Hodowlanie nazywa si\u0119 Mi\u0142ka, ale \u017ce mamy ju\u017c koteczk\u0119 o tym imieniu, postanowili\u015bmy zmieni\u0107 i wybra\u0107 takie, kt\u00f3re pasuje i do kotki, i do naszego stada. \ud83d\ude42 Bluey jest koteczk\u0105 odwa\u017cn\u0105, pewn\u0105 siebie i ciekawsk\u0105. D\u0142ugo czekali\u015bmy na kotka o takim umaszczeniu. \ud83d\ude42 Jest to niebieski solid, czyli rozja\u015bniona kociczka bez pr\u0119gowania. Jeste\u015bmy pewni, \u017ce wzbogaci nasz\u0105 hodowl\u0119.<\/p>\n","protected":false},"excerpt":{"rendered":"<p>Bleuey to kotka niebieska solid urodzona wiosn\u0105 2025. Hodowlanie nazywa si\u0119 Mi\u0142ka, ale \u017ce mamy ju\u017c koteczk\u0119 o tym imieniu, postanowili\u015bmy zmieni\u0107 i wybra\u0107 takie, kt\u00f3re pasuje i do kotki, &#8230;<\/p>\n","protected":false},"author":1,"featured_media":0,"parent":201,"menu_order":0,"comment_status":"closed","ping_status":"closed","template":"","meta":{"footnotes":""},"class_list":["post-362","page","type-page","status-publish","hentry"],"_links":{"self":[{"href":"https:\/\/stefkoweserce.pl\/index.php?rest_route=\/wp\/v2\/pages\/362","targetHints":{"allow":["GET"]}}],"collection":[{"href":"https:\/\/stefkoweserce.pl\/index.php?rest_route=\/wp\/v2\/pages"}],"about":[{"href":"https:\/\/stefkoweserce.pl\/index.php?rest_route=\/wp\/v2\/types\/page"}],"author":[{"embeddable":true,"href":"https:\/\/stefkoweserce.pl\/index.php?rest_route=\/wp\/v2\/users\/1"}],"replies":[{"embeddable":true,"href":"https:\/\/stefkoweserce.pl\/index.php?rest_route=%2Fwp%2Fv2%2Fcomments&post=362"}],"version-history":[{"count":3,"href":"https:\/\/stefkoweserce.pl\/index.php?rest_route=\/wp\/v2\/pages\/362\/revisions"}],"predecessor-version":[{"id":411,"href":"https:\/\/stefkoweserce.pl\/index.php?rest_route=\/wp\/v2\/pages\/362\/revisions\/411"}],"up":[{"embeddable":true,"href":"https:\/\/stefkoweserce.pl\/index.php?rest_route=\/wp\/v2\/pages\/201"}],"wp:attachment":[{"href":"https:\/\/stefkoweserce.pl\/index.php?rest_route=%2Fwp%2Fv2%2Fmedia&parent=362"}],"curies":[{"name":"wp","href":"https:\/\/api.w.org\/{rel}","templated":true}]}}