{"id":36,"date":"2024-09-22T09:18:29","date_gmt":"2024-09-22T07:18:29","guid":{"rendered":"https:\/\/stefkoweserce.pl\/?page_id=36"},"modified":"2025-07-03T09:14:45","modified_gmt":"2025-07-03T07:14:45","slug":"nasze-koty-2","status":"publish","type":"page","link":"https:\/\/stefkoweserce.pl\/?page_id=36","title":{"rendered":"Nasze koty"},"content":{"rendered":"\n<p class=\"has-black-color has-text-color has-link-color wp-elements-2759a9061763172df96a3d659da32000\">Za cel stawiamy sobie ich szcz\u0119\u015bcie: robimy wszystko, \u017ceby by\u0142y zdrowe, dobrze zsocjalizowane i bezpieczne. <\/p>\n\n\n\n<p class=\"has-black-color has-text-color has-link-color wp-elements-bcf9dee53def31d90968a4b899588d89\">Ka\u017cdy z naszych kot\u00f3w ma nieco inne upodobania i zwyczaje, ale wszystkie \u015bwietnie si\u0119 ze sob\u0105 dogaduj\u0105, kochaj\u0105 ludzi i nasz wsp\u00f3lny dom. <\/p>\n\n\n\n<p>Aby dowiedzie\u0107 si\u0119 wi\u0119cej o konkretnym kocie, kliknij na jego zdj\u0119cie lub wybierz imi\u0119 w menu.<\/p>\n\n\n\n<p>SUZUMI<\/p>\n\n\n<div class=\"wp-block-image\">\n<figure class=\"aligncenter size-large is-resized\"><a href=\"https:\/\/stefkoweserce.pl\/?page_id=49\" target=\"_blank\" rel=\"noreferrer noopener\"><img loading=\"lazy\" decoding=\"async\" width=\"768\" height=\"1024\" src=\"https:\/\/stefkoweserce.pl\/wp-content\/uploads\/2024\/09\/460476713_122135695346319406_1060434893565220724_n-1-768x1024.jpg\" alt=\"\" class=\"wp-image-80\" style=\"width:255px;height:auto\" srcset=\"https:\/\/stefkoweserce.pl\/wp-content\/uploads\/2024\/09\/460476713_122135695346319406_1060434893565220724_n-1-768x1024.jpg 768w, https:\/\/stefkoweserce.pl\/wp-content\/uploads\/2024\/09\/460476713_122135695346319406_1060434893565220724_n-1-225x300.jpg 225w, https:\/\/stefkoweserce.pl\/wp-content\/uploads\/2024\/09\/460476713_122135695346319406_1060434893565220724_n-1-1152x1536.jpg 1152w, https:\/\/stefkoweserce.pl\/wp-content\/uploads\/2024\/09\/460476713_122135695346319406_1060434893565220724_n-1.jpg 1536w\" sizes=\"auto, (max-width: 768px) 100vw, 768px\" \/><\/a><\/figure><\/div>\n\n\n<p>Etna<\/p>\n\n\n<div class=\"wp-block-image\">\n<figure class=\"aligncenter size-large is-resized\"><a href=\"https:\/\/stefkoweserce.pl\/?page_id=68\" target=\"_blank\" rel=\"noreferrer noopener\"><img loading=\"lazy\" decoding=\"async\" width=\"768\" height=\"1024\" src=\"https:\/\/stefkoweserce.pl\/wp-content\/uploads\/2024\/09\/Zdjecie-WhatsApp-2024-06-24-o-21.10.41_e77893a5-768x1024.jpg\" alt=\"\" class=\"wp-image-87\" style=\"width:266px;height:auto\" srcset=\"https:\/\/stefkoweserce.pl\/wp-content\/uploads\/2024\/09\/Zdjecie-WhatsApp-2024-06-24-o-21.10.41_e77893a5-768x1024.jpg 768w, https:\/\/stefkoweserce.pl\/wp-content\/uploads\/2024\/09\/Zdjecie-WhatsApp-2024-06-24-o-21.10.41_e77893a5-225x300.jpg 225w, https:\/\/stefkoweserce.pl\/wp-content\/uploads\/2024\/09\/Zdjecie-WhatsApp-2024-06-24-o-21.10.41_e77893a5-1152x1536.jpg 1152w, https:\/\/stefkoweserce.pl\/wp-content\/uploads\/2024\/09\/Zdjecie-WhatsApp-2024-06-24-o-21.10.41_e77893a5.jpg 1536w\" sizes=\"auto, (max-width: 768px) 100vw, 768px\" \/><\/a><\/figure><\/div>\n\n\n<p><\/p>\n\n\n\n<p><\/p>\n\n\n\n<p>Mi\u0142ka<\/p>\n\n\n<div class=\"wp-block-image\">\n<figure class=\"aligncenter size-large is-resized\"><a href=\"https:\/\/stefkoweserce.pl\/?page_id=19\"><img loading=\"lazy\" decoding=\"async\" width=\"768\" height=\"1024\" src=\"https:\/\/stefkoweserce.pl\/wp-content\/uploads\/2024\/09\/Zdjecie-WhatsApp-2024-09-23-o-11.15.12_29498346-1-768x1024.jpg\" alt=\"\" class=\"wp-image-97\" style=\"width:312px;height:auto\" srcset=\"https:\/\/stefkoweserce.pl\/wp-content\/uploads\/2024\/09\/Zdjecie-WhatsApp-2024-09-23-o-11.15.12_29498346-1-768x1024.jpg 768w, https:\/\/stefkoweserce.pl\/wp-content\/uploads\/2024\/09\/Zdjecie-WhatsApp-2024-09-23-o-11.15.12_29498346-1-225x300.jpg 225w, https:\/\/stefkoweserce.pl\/wp-content\/uploads\/2024\/09\/Zdjecie-WhatsApp-2024-09-23-o-11.15.12_29498346-1-1152x1536.jpg 1152w, https:\/\/stefkoweserce.pl\/wp-content\/uploads\/2024\/09\/Zdjecie-WhatsApp-2024-09-23-o-11.15.12_29498346-1.jpg 1536w\" sizes=\"auto, (max-width: 768px) 100vw, 768px\" \/><\/a><\/figure><\/div>\n\n\n<p>Szcz\u0119\u015bciarz<\/p>\n\n\n<div class=\"wp-block-image\">\n<figure class=\"aligncenter size-large is-resized\"><a href=\"https:\/\/stefkoweserce.pl\/?page_id=221\"><img loading=\"lazy\" decoding=\"async\" width=\"712\" height=\"1024\" src=\"https:\/\/stefkoweserce.pl\/wp-content\/uploads\/2025\/02\/473738764_9031195250299569_2943909143741118235_n-712x1024.jpg\" alt=\"\" class=\"wp-image-226\" style=\"width:306px;height:auto\" srcset=\"https:\/\/stefkoweserce.pl\/wp-content\/uploads\/2025\/02\/473738764_9031195250299569_2943909143741118235_n-712x1024.jpg 712w, https:\/\/stefkoweserce.pl\/wp-content\/uploads\/2025\/02\/473738764_9031195250299569_2943909143741118235_n-208x300.jpg 208w, https:\/\/stefkoweserce.pl\/wp-content\/uploads\/2025\/02\/473738764_9031195250299569_2943909143741118235_n-768x1105.jpg 768w, https:\/\/stefkoweserce.pl\/wp-content\/uploads\/2025\/02\/473738764_9031195250299569_2943909143741118235_n-1067x1536.jpg 1067w, https:\/\/stefkoweserce.pl\/wp-content\/uploads\/2025\/02\/473738764_9031195250299569_2943909143741118235_n.jpg 1423w\" sizes=\"auto, (max-width: 712px) 100vw, 712px\" \/><\/a><\/figure><\/div>\n\n\n<p>Kefirek<\/p>\n\n\n\n<figure class=\"wp-block-image size-full is-resized\"><a href=\"https:\/\/stefkoweserce.pl\/?page_id=21\"><img loading=\"lazy\" decoding=\"async\" width=\"752\" height=\"1020\" src=\"https:\/\/stefkoweserce.pl\/wp-content\/uploads\/2025\/07\/image-2.png\" alt=\"\" class=\"wp-image-326\" style=\"width:574px;height:auto\" srcset=\"https:\/\/stefkoweserce.pl\/wp-content\/uploads\/2025\/07\/image-2.png 752w, https:\/\/stefkoweserce.pl\/wp-content\/uploads\/2025\/07\/image-2-221x300.png 221w\" sizes=\"auto, (max-width: 752px) 100vw, 752px\" \/><\/a><\/figure>\n\n\n\n\n\n<p>Pucio<\/p>\n\n\n\n<figure class=\"wp-block-image size-large is-resized\"><a href=\"https:\/\/stefkoweserce.pl\/?page_id=192\"><img loading=\"lazy\" decoding=\"async\" width=\"1024\" height=\"768\" src=\"https:\/\/stefkoweserce.pl\/wp-content\/uploads\/2025\/07\/image-8-1024x768.png\" alt=\"\" class=\"wp-image-341\" style=\"width:581px;height:auto\" srcset=\"https:\/\/stefkoweserce.pl\/wp-content\/uploads\/2025\/07\/image-8-1024x768.png 1024w, https:\/\/stefkoweserce.pl\/wp-content\/uploads\/2025\/07\/image-8-300x225.png 300w, https:\/\/stefkoweserce.pl\/wp-content\/uploads\/2025\/07\/image-8-768x576.png 768w, https:\/\/stefkoweserce.pl\/wp-content\/uploads\/2025\/07\/image-8.png 1080w\" sizes=\"auto, (max-width: 1024px) 100vw, 1024px\" \/><\/a><\/figure>\n\n\n\n<p>Sprytka<\/p>\n\n\n\n<figure class=\"wp-block-image size-full is-resized\"><a href=\"https:\/\/stefkoweserce.pl\/?page_id=142\"><img loading=\"lazy\" decoding=\"async\" width=\"1024\" height=\"768\" src=\"https:\/\/stefkoweserce.pl\/wp-content\/uploads\/2025\/07\/image-9.png\" alt=\"\" class=\"wp-image-346\" style=\"width:664px;height:auto\" srcset=\"https:\/\/stefkoweserce.pl\/wp-content\/uploads\/2025\/07\/image-9.png 1024w, https:\/\/stefkoweserce.pl\/wp-content\/uploads\/2025\/07\/image-9-300x225.png 300w, https:\/\/stefkoweserce.pl\/wp-content\/uploads\/2025\/07\/image-9-768x576.png 768w\" sizes=\"auto, (max-width: 1024px) 100vw, 1024px\" \/><\/a><\/figure>\n","protected":false},"excerpt":{"rendered":"<p>Za cel stawiamy sobie ich szcz\u0119\u015bcie: robimy wszystko, \u017ceby by\u0142y zdrowe, dobrze zsocjalizowane i bezpieczne. Ka\u017cdy z naszych kot\u00f3w ma nieco inne upodobania i zwyczaje, ale wszystkie \u015bwietnie si\u0119 ze &#8230;<\/p>\n","protected":false},"author":1,"featured_media":0,"parent":0,"menu_order":0,"comment_status":"closed","ping_status":"closed","template":"","meta":{"footnotes":""},"class_list":["post-36","page","type-page","status-publish","hentry"],"_links":{"self":[{"href":"https:\/\/stefkoweserce.pl\/index.php?rest_route=\/wp\/v2\/pages\/36","targetHints":{"allow":["GET"]}}],"collection":[{"href":"https:\/\/stefkoweserce.pl\/index.php?rest_route=\/wp\/v2\/pages"}],"about":[{"href":"https:\/\/stefkoweserce.pl\/index.php?rest_route=\/wp\/v2\/types\/page"}],"author":[{"embeddable":true,"href":"https:\/\/stefkoweserce.pl\/index.php?rest_route=\/wp\/v2\/users\/1"}],"replies":[{"embeddable":true,"href":"https:\/\/stefkoweserce.pl\/index.php?rest_route=%2Fwp%2Fv2%2Fcomments&post=36"}],"version-history":[{"count":19,"href":"https:\/\/stefkoweserce.pl\/index.php?rest_route=\/wp\/v2\/pages\/36\/revisions"}],"predecessor-version":[{"id":349,"href":"https:\/\/stefkoweserce.pl\/index.php?rest_route=\/wp\/v2\/pages\/36\/revisions\/349"}],"wp:attachment":[{"href":"https:\/\/stefkoweserce.pl\/index.php?rest_route=%2Fwp%2Fv2%2Fmedia&parent=36"}],"curies":[{"name":"wp","href":"https:\/\/api.w.org\/{rel}","templated":true}]}}