{"id":257,"date":"2025-03-13T18:51:30","date_gmt":"2025-03-13T17:51:30","guid":{"rendered":"https:\/\/stefkoweserce.pl\/?page_id=257"},"modified":"2025-09-19T08:23:44","modified_gmt":"2025-09-19T06:23:44","slug":"psotka","status":"publish","type":"page","link":"https:\/\/stefkoweserce.pl\/?page_id=257","title":{"rendered":"Psotka"},"content":{"rendered":"\n<p>Psotka to domowe imi\u0119 naszej kochanej, m\u0142odej koteczki w kolorze niebieski szylkret (czyli kotka jest koloru niebiesko-kremowego). Psotka przyjecha\u0142a do nas z Ukrainy. Dzi\u0119kujemy p. Tatianie z hodowli Delamer za zaufanie. <\/p>\n\n\n\n<p>Psotka niesie w genach rozja\u015bnienia z\u0142ote i srebrne. B\u0119dzie prowodyrk\u0105 naszej linii bimetalicznej. <\/p>\n\n\n\n<p>Jest koteczk\u0105 otwart\u0105, przyjacielsk\u0105, zawsze skor\u0105 do zabawy. Mamy nadziej\u0119, \u017ce takie w\u0142a\u015bnie cechy przeka\u017ce swoim dzieciom. Okaza\u0142a si\u0119 naprawd\u0119 \u015bwietn\u0105 mamusi\u0105. <\/p>\n\n\n\n<p>HCM &#8211; badanie genetyczne ujemne, USG bez nieprawid\u0142owo\u015bci<\/p>\n\n\n\n<p>PKD genetyczne &#8211; ujemne, USG bez nieprawid\u0142owo\u015bci <\/p>\n\n\n\n<figure class=\"wp-block-image size-large is-resized\"><img loading=\"lazy\" decoding=\"async\" width=\"1024\" height=\"945\" src=\"https:\/\/stefkoweserce.pl\/wp-content\/uploads\/2025\/03\/0760ba55-934c-4663-a275-06d565977795-1024x945.jpeg\" alt=\"\" class=\"wp-image-258\" style=\"width:208px;height:auto\" srcset=\"https:\/\/stefkoweserce.pl\/wp-content\/uploads\/2025\/03\/0760ba55-934c-4663-a275-06d565977795-1024x945.jpeg 1024w, https:\/\/stefkoweserce.pl\/wp-content\/uploads\/2025\/03\/0760ba55-934c-4663-a275-06d565977795-300x277.jpeg 300w, https:\/\/stefkoweserce.pl\/wp-content\/uploads\/2025\/03\/0760ba55-934c-4663-a275-06d565977795-768x708.jpeg 768w, https:\/\/stefkoweserce.pl\/wp-content\/uploads\/2025\/03\/0760ba55-934c-4663-a275-06d565977795-1536x1417.jpeg 1536w, https:\/\/stefkoweserce.pl\/wp-content\/uploads\/2025\/03\/0760ba55-934c-4663-a275-06d565977795.jpeg 2048w\" sizes=\"auto, (max-width: 1024px) 100vw, 1024px\" \/><\/figure>\n\n\n\n<figure class=\"wp-block-image size-large is-resized\"><img loading=\"lazy\" decoding=\"async\" width=\"768\" height=\"1024\" src=\"https:\/\/stefkoweserce.pl\/wp-content\/uploads\/2025\/03\/7b4fe6cb-f4cd-4147-b075-16676b6cb9ab-768x1024.jpeg\" alt=\"\" class=\"wp-image-259\" style=\"width:236px;height:auto\" srcset=\"https:\/\/stefkoweserce.pl\/wp-content\/uploads\/2025\/03\/7b4fe6cb-f4cd-4147-b075-16676b6cb9ab-768x1024.jpeg 768w, https:\/\/stefkoweserce.pl\/wp-content\/uploads\/2025\/03\/7b4fe6cb-f4cd-4147-b075-16676b6cb9ab-225x300.jpeg 225w, https:\/\/stefkoweserce.pl\/wp-content\/uploads\/2025\/03\/7b4fe6cb-f4cd-4147-b075-16676b6cb9ab-1152x1536.jpeg 1152w, https:\/\/stefkoweserce.pl\/wp-content\/uploads\/2025\/03\/7b4fe6cb-f4cd-4147-b075-16676b6cb9ab.jpeg 1536w\" sizes=\"auto, (max-width: 768px) 100vw, 768px\" \/><\/figure>\n\n\n\n<p><\/p>\n","protected":false},"excerpt":{"rendered":"<p>Psotka to domowe imi\u0119 naszej kochanej, m\u0142odej koteczki w kolorze niebieski szylkret (czyli kotka jest koloru niebiesko-kremowego). Psotka przyjecha\u0142a do nas z Ukrainy. Dzi\u0119kujemy p. Tatianie z hodowli Delamer za &#8230;<\/p>\n","protected":false},"author":1,"featured_media":0,"parent":0,"menu_order":0,"comment_status":"closed","ping_status":"closed","template":"","meta":{"footnotes":""},"class_list":["post-257","page","type-page","status-publish","hentry"],"_links":{"self":[{"href":"https:\/\/stefkoweserce.pl\/index.php?rest_route=\/wp\/v2\/pages\/257","targetHints":{"allow":["GET"]}}],"collection":[{"href":"https:\/\/stefkoweserce.pl\/index.php?rest_route=\/wp\/v2\/pages"}],"about":[{"href":"https:\/\/stefkoweserce.pl\/index.php?rest_route=\/wp\/v2\/types\/page"}],"author":[{"embeddable":true,"href":"https:\/\/stefkoweserce.pl\/index.php?rest_route=\/wp\/v2\/users\/1"}],"replies":[{"embeddable":true,"href":"https:\/\/stefkoweserce.pl\/index.php?rest_route=%2Fwp%2Fv2%2Fcomments&post=257"}],"version-history":[{"count":4,"href":"https:\/\/stefkoweserce.pl\/index.php?rest_route=\/wp\/v2\/pages\/257\/revisions"}],"predecessor-version":[{"id":376,"href":"https:\/\/stefkoweserce.pl\/index.php?rest_route=\/wp\/v2\/pages\/257\/revisions\/376"}],"wp:attachment":[{"href":"https:\/\/stefkoweserce.pl\/index.php?rest_route=%2Fwp%2Fv2%2Fmedia&parent=257"}],"curies":[{"name":"wp","href":"https:\/\/api.w.org\/{rel}","templated":true}]}}