{"id":254,"date":"2025-03-07T08:20:31","date_gmt":"2025-03-07T07:20:31","guid":{"rendered":"https:\/\/stefkoweserce.pl\/?page_id=254"},"modified":"2025-03-07T08:20:31","modified_gmt":"2025-03-07T07:20:31","slug":"kastraty","status":"publish","type":"page","link":"https:\/\/stefkoweserce.pl\/?page_id=254","title":{"rendered":"KASTRATY"},"content":{"rendered":"\n<p>W naszej hodowli stawiamy na wi\u0119\u017a z kotami. Nie jeste\u015bmy producentami kotk\u00f3w, ale futrzaki s\u0105 cz\u0142onkami naszej rodziny. Dlatego w hodowli kot\u00f3w syberyjskich Stefkowe Serce, kocurki i kotki, kt\u00f3re nie maj\u0105 roli hodowlanej [nie rozmna\u017caj\u0105 si\u0119] zostaj\u0105 w naszym domu, je\u015bli to tylko mo\u017cliwe. Wszystko dla najlepszego samopoczucia naszych kociambr\u00f3w. \ud83d\ude09 <\/p>\n\n\n\n<p>Czasem zdarza si\u0119, \u017ce kotek np. po kastracji musi zosta\u0107 jedynakiem lub mieszka\u0107 w naprawd\u0119 ma\u0142ym stadzie bez dominuj\u0105cych rezydent\u00f3w, bo inaczej b\u0119dzie nieszcz\u0119\u015bliwy. Bywa jednak tak, \u017ce zmiana domu by\u0142aby dla kotka traumatyczna. Je\u017celi tylko kot mo\u017ce zosta\u0107 z nami lub b\u0119dzie to dla niego lepsza opcja, b\u0119dzie mieszka\u0142 w naszym domu do \u015bmierci. <\/p>\n\n\n\n<p>Poni\u017cej przedstawiamy Pa\u0144stwu nasze aktualne kastraty. \ud83d\ude09 <\/p>\n\n\n\n<p><a href=\"https:\/\/stefkoweserce.pl\/?page_id=128\" data-type=\"page\" data-id=\"128\">MISIO<\/a><\/p>\n\n\n\n<p><\/p>\n","protected":false},"excerpt":{"rendered":"<p>W naszej hodowli stawiamy na wi\u0119\u017a z kotami. Nie jeste\u015bmy producentami kotk\u00f3w, ale futrzaki s\u0105 cz\u0142onkami naszej rodziny. Dlatego w hodowli kot\u00f3w syberyjskich Stefkowe Serce, kocurki i kotki, kt\u00f3re nie &#8230;<\/p>\n","protected":false},"author":1,"featured_media":0,"parent":0,"menu_order":0,"comment_status":"closed","ping_status":"closed","template":"","meta":{"footnotes":""},"class_list":["post-254","page","type-page","status-publish","hentry"],"_links":{"self":[{"href":"https:\/\/stefkoweserce.pl\/index.php?rest_route=\/wp\/v2\/pages\/254","targetHints":{"allow":["GET"]}}],"collection":[{"href":"https:\/\/stefkoweserce.pl\/index.php?rest_route=\/wp\/v2\/pages"}],"about":[{"href":"https:\/\/stefkoweserce.pl\/index.php?rest_route=\/wp\/v2\/types\/page"}],"author":[{"embeddable":true,"href":"https:\/\/stefkoweserce.pl\/index.php?rest_route=\/wp\/v2\/users\/1"}],"replies":[{"embeddable":true,"href":"https:\/\/stefkoweserce.pl\/index.php?rest_route=%2Fwp%2Fv2%2Fcomments&post=254"}],"version-history":[{"count":1,"href":"https:\/\/stefkoweserce.pl\/index.php?rest_route=\/wp\/v2\/pages\/254\/revisions"}],"predecessor-version":[{"id":256,"href":"https:\/\/stefkoweserce.pl\/index.php?rest_route=\/wp\/v2\/pages\/254\/revisions\/256"}],"wp:attachment":[{"href":"https:\/\/stefkoweserce.pl\/index.php?rest_route=%2Fwp%2Fv2%2Fmedia&parent=254"}],"curies":[{"name":"wp","href":"https:\/\/api.w.org\/{rel}","templated":true}]}}