{"id":221,"date":"2025-02-08T13:52:13","date_gmt":"2025-02-08T12:52:13","guid":{"rendered":"https:\/\/stefkoweserce.pl\/?page_id=221"},"modified":"2025-10-07T18:51:40","modified_gmt":"2025-10-07T16:51:40","slug":"szczesciarz","status":"publish","type":"page","link":"https:\/\/stefkoweserce.pl\/?page_id=221","title":{"rendered":"WEZYR"},"content":{"rendered":"\n<p>Wezyr do domowe imi\u0119 kocurka Vizir Emerald Crown*BY, kt\u00f3ry do\u0142\u0105czy\u0142 do naszej hodowli po przyjechaniu z Bia\u0142orusi dzi\u0119ki uprzejmo\u015bci p. Natalii.<\/p>\n\n\n\n<p>Szcz\u0119\u015bciarz ma kolory, na kt\u00f3re stawiamy w naszej hodowli najbardziej: w kodach EMS otrzyma\u0142 dy, a wi\u0119c jest kocurkiem rudym z rozja\u015bnieniem z\u0142otym bez bieli.<\/p>\n\n\n\n<p>Szcz\u0119\u015bciarz opr\u00f3cz wspania\u0142ej, muskularnej budowy i pi\u0119knego futra, ma r\u00f3wnie\u017c \u015bwietny charakter. Jest bardzo zr\u00f3wnowa\u017conym i m\u0105drym kotem, co na pewno przeka\u017ce swoim dzieciom. Posiada r\u00f3wnie\u017c bardzo dobry rodow\u00f3d z najlepszymi i po\u017c\u0105danymi liniami przodk\u00f3w.<\/p>\n\n\n\n<figure class=\"wp-block-image size-large\"><img loading=\"lazy\" decoding=\"async\" width=\"786\" height=\"1024\" src=\"https:\/\/stefkoweserce.pl\/wp-content\/uploads\/2025\/02\/470226635_8860444364041326_1386574614945456737_n-1-786x1024.jpg\" alt=\"\" class=\"wp-image-222\" srcset=\"https:\/\/stefkoweserce.pl\/wp-content\/uploads\/2025\/02\/470226635_8860444364041326_1386574614945456737_n-1-786x1024.jpg 786w, https:\/\/stefkoweserce.pl\/wp-content\/uploads\/2025\/02\/470226635_8860444364041326_1386574614945456737_n-1-230x300.jpg 230w, https:\/\/stefkoweserce.pl\/wp-content\/uploads\/2025\/02\/470226635_8860444364041326_1386574614945456737_n-1-768x1001.jpg 768w, https:\/\/stefkoweserce.pl\/wp-content\/uploads\/2025\/02\/470226635_8860444364041326_1386574614945456737_n-1-1179x1536.jpg 1179w, https:\/\/stefkoweserce.pl\/wp-content\/uploads\/2025\/02\/470226635_8860444364041326_1386574614945456737_n-1.jpg 1572w\" sizes=\"auto, (max-width: 786px) 100vw, 786px\" \/><\/figure>\n\n\n\n<p><\/p>\n","protected":false},"excerpt":{"rendered":"<p>Wezyr do domowe imi\u0119 kocurka Vizir Emerald Crown*BY, kt\u00f3ry do\u0142\u0105czy\u0142 do naszej hodowli po przyjechaniu z Bia\u0142orusi dzi\u0119ki uprzejmo\u015bci p. Natalii. Szcz\u0119\u015bciarz ma kolory, na kt\u00f3re stawiamy w naszej hodowli &#8230;<\/p>\n","protected":false},"author":1,"featured_media":0,"parent":0,"menu_order":0,"comment_status":"closed","ping_status":"closed","template":"","meta":{"footnotes":""},"class_list":["post-221","page","type-page","status-publish","hentry"],"_links":{"self":[{"href":"https:\/\/stefkoweserce.pl\/index.php?rest_route=\/wp\/v2\/pages\/221","targetHints":{"allow":["GET"]}}],"collection":[{"href":"https:\/\/stefkoweserce.pl\/index.php?rest_route=\/wp\/v2\/pages"}],"about":[{"href":"https:\/\/stefkoweserce.pl\/index.php?rest_route=\/wp\/v2\/types\/page"}],"author":[{"embeddable":true,"href":"https:\/\/stefkoweserce.pl\/index.php?rest_route=\/wp\/v2\/users\/1"}],"replies":[{"embeddable":true,"href":"https:\/\/stefkoweserce.pl\/index.php?rest_route=%2Fwp%2Fv2%2Fcomments&post=221"}],"version-history":[{"count":4,"href":"https:\/\/stefkoweserce.pl\/index.php?rest_route=\/wp\/v2\/pages\/221\/revisions"}],"predecessor-version":[{"id":405,"href":"https:\/\/stefkoweserce.pl\/index.php?rest_route=\/wp\/v2\/pages\/221\/revisions\/405"}],"wp:attachment":[{"href":"https:\/\/stefkoweserce.pl\/index.php?rest_route=%2Fwp%2Fv2%2Fmedia&parent=221"}],"curies":[{"name":"wp","href":"https:\/\/api.w.org\/{rel}","templated":true}]}}