{"id":21,"date":"2024-09-22T09:13:12","date_gmt":"2024-09-22T07:13:12","guid":{"rendered":"https:\/\/stefkoweserce.pl\/?page_id=21"},"modified":"2026-03-17T19:05:08","modified_gmt":"2026-03-17T18:05:08","slug":"ancymon","status":"publish","type":"page","link":"https:\/\/stefkoweserce.pl\/?page_id=21","title":{"rendered":"Kefirek"},"content":{"rendered":"\n<p class=\"has-black-color has-text-color has-link-color wp-elements-980553f242c3273c34be419da46d8aab\">Kefirek, czyli Kafr White Witch przyjecha\u0142 do nas z cenionej hodowli pani Lindy Ilvievovej. Jej koty s\u0105 bardzo s\u0142awne w ca\u0142ej Europie. Prowadzi ona pi\u0119kne, puchate linie kot\u00f3w syberyjskich.<\/p>\n\n\n\n<p class=\"has-black-color has-text-color has-link-color wp-elements-559cbf56b678bc7217f994434781cbc5\">Ur. 28.02.2025 to kocurek niebieski bikolor (niebiesko-bia\u0142y) srebrzysty z c\u0119tkami. W kodach EMS otrzyma\u0142 zapis as0324<\/p>\n\n\n\n<p class=\"has-black-color has-text-color has-link-color wp-elements-053f42836012e1b20cad27e2ee95bb62\">Niesie z\u0142oto oraz gen C (Colour Point).<\/p>\n\n\n\n<p class=\"has-black-color has-text-color has-link-color wp-elements-21aedab2554111f5e5b1044025c57215\">Kefirek jest kocurkiem energicznym, ciekawskim i zdecydowanie ufnym. Lubi bawi\u0107 si\u0119 z innymi kotami, nie wyra\u017ca agresji. Jest te\u017c najbardziej puchatym z naszych kotk\u00f3w.<\/p>\n\n\n\n<figure class=\"wp-block-image size-full\"><img loading=\"lazy\" decoding=\"async\" width=\"526\" height=\"713\" src=\"https:\/\/stefkoweserce.pl\/wp-content\/uploads\/2025\/07\/image.png\" alt=\"\" class=\"wp-image-315\" srcset=\"https:\/\/stefkoweserce.pl\/wp-content\/uploads\/2025\/07\/image.png 526w, https:\/\/stefkoweserce.pl\/wp-content\/uploads\/2025\/07\/image-221x300.png 221w\" sizes=\"auto, (max-width: 526px) 100vw, 526px\" \/><\/figure>\n","protected":false},"excerpt":{"rendered":"<p>Kefirek, czyli Kafr White Witch przyjecha\u0142 do nas z cenionej hodowli pani Lindy Ilvievovej. Jej koty s\u0105 bardzo s\u0142awne w ca\u0142ej Europie. Prowadzi ona pi\u0119kne, puchate linie kot\u00f3w syberyjskich. Ur. &#8230;<\/p>\n","protected":false},"author":1,"featured_media":0,"parent":0,"menu_order":0,"comment_status":"closed","ping_status":"closed","template":"","meta":{"footnotes":""},"class_list":["post-21","page","type-page","status-publish","hentry"],"_links":{"self":[{"href":"https:\/\/stefkoweserce.pl\/index.php?rest_route=\/wp\/v2\/pages\/21","targetHints":{"allow":["GET"]}}],"collection":[{"href":"https:\/\/stefkoweserce.pl\/index.php?rest_route=\/wp\/v2\/pages"}],"about":[{"href":"https:\/\/stefkoweserce.pl\/index.php?rest_route=\/wp\/v2\/types\/page"}],"author":[{"embeddable":true,"href":"https:\/\/stefkoweserce.pl\/index.php?rest_route=\/wp\/v2\/users\/1"}],"replies":[{"embeddable":true,"href":"https:\/\/stefkoweserce.pl\/index.php?rest_route=%2Fwp%2Fv2%2Fcomments&post=21"}],"version-history":[{"count":7,"href":"https:\/\/stefkoweserce.pl\/index.php?rest_route=\/wp\/v2\/pages\/21\/revisions"}],"predecessor-version":[{"id":428,"href":"https:\/\/stefkoweserce.pl\/index.php?rest_route=\/wp\/v2\/pages\/21\/revisions\/428"}],"wp:attachment":[{"href":"https:\/\/stefkoweserce.pl\/index.php?rest_route=%2Fwp%2Fv2%2Fmedia&parent=21"}],"curies":[{"name":"wp","href":"https:\/\/api.w.org\/{rel}","templated":true}]}}