{"id":201,"date":"2025-01-18T10:30:18","date_gmt":"2025-01-18T09:30:18","guid":{"rendered":"https:\/\/stefkoweserce.pl\/?page_id=201"},"modified":"2025-10-28T20:35:09","modified_gmt":"2025-10-28T19:35:09","slug":"kotki","status":"publish","type":"page","link":"https:\/\/stefkoweserce.pl\/?page_id=201","title":{"rendered":"KOTKI"},"content":{"rendered":"\n<p>Kliknij imi\u0119 kota, by dowiedzie\u0107 si\u0119 wi\u0119cej o konkretnej kotce. Otworzy si\u0119 strona kici. \ud83d\ude42<\/p>\n\n\n\n<p><a href=\"https:\/\/stefkoweserce.pl\/?page_id=17\">ETNA<\/a><\/p>\n\n\n\n<p><a href=\"https:\/\/stefkoweserce.pl\/?page_id=49\">SUZUMI<\/a><\/p>\n\n\n\n<p><a href=\"https:\/\/stefkoweserce.pl\/?page_id=19\">MI\u0141KA<\/a><\/p>\n\n\n\n<p><a href=\"https:\/\/stefkoweserce.pl\/?page_id=142\">SPRYTKA<\/a><\/p>\n\n\n\n<p><a href=\"https:\/\/stefkoweserce.pl\/?page_id=162\">ZORZA<\/a><\/p>\n\n\n\n<p><a href=\"https:\/\/stefkoweserce.pl\/?page_id=257\">PSOTKA<\/a><\/p>\n\n\n\n<p><a href=\"https:\/\/stefkoweserce.pl\/?page_id=362\">BLUEY<\/a><\/p>\n\n\n\n<p><a href=\"https:\/\/stefkoweserce.pl\/?page_id=391\" data-type=\"page\" data-id=\"391\">C\u0118TKA<\/a><\/p>\n\n\n\n<p><\/p>\n","protected":false},"excerpt":{"rendered":"<p>Kliknij imi\u0119 kota, by dowiedzie\u0107 si\u0119 wi\u0119cej o konkretnej kotce. Otworzy si\u0119 strona kici. \ud83d\ude42 ETNA SUZUMI MI\u0141KA SPRYTKA ZORZA PSOTKA BLUEY C\u0118TKA<\/p>\n","protected":false},"author":1,"featured_media":0,"parent":0,"menu_order":0,"comment_status":"closed","ping_status":"closed","template":"","meta":{"footnotes":""},"class_list":["post-201","page","type-page","status-publish","hentry"],"_links":{"self":[{"href":"https:\/\/stefkoweserce.pl\/index.php?rest_route=\/wp\/v2\/pages\/201","targetHints":{"allow":["GET"]}}],"collection":[{"href":"https:\/\/stefkoweserce.pl\/index.php?rest_route=\/wp\/v2\/pages"}],"about":[{"href":"https:\/\/stefkoweserce.pl\/index.php?rest_route=\/wp\/v2\/types\/page"}],"author":[{"embeddable":true,"href":"https:\/\/stefkoweserce.pl\/index.php?rest_route=\/wp\/v2\/users\/1"}],"replies":[{"embeddable":true,"href":"https:\/\/stefkoweserce.pl\/index.php?rest_route=%2Fwp%2Fv2%2Fcomments&post=201"}],"version-history":[{"count":7,"href":"https:\/\/stefkoweserce.pl\/index.php?rest_route=\/wp\/v2\/pages\/201\/revisions"}],"predecessor-version":[{"id":410,"href":"https:\/\/stefkoweserce.pl\/index.php?rest_route=\/wp\/v2\/pages\/201\/revisions\/410"}],"wp:attachment":[{"href":"https:\/\/stefkoweserce.pl\/index.php?rest_route=%2Fwp%2Fv2%2Fmedia&parent=201"}],"curies":[{"name":"wp","href":"https:\/\/api.w.org\/{rel}","templated":true}]}}