{"id":198,"date":"2025-01-18T10:29:28","date_gmt":"2025-01-18T09:29:28","guid":{"rendered":"https:\/\/stefkoweserce.pl\/?page_id=198"},"modified":"2025-10-07T18:50:31","modified_gmt":"2025-10-07T16:50:31","slug":"kocury","status":"publish","type":"page","link":"https:\/\/stefkoweserce.pl\/?page_id=198","title":{"rendered":"KOCURY"},"content":{"rendered":"\n<p>KLIKNIJ IMI\u0118 KOTA, BY DOWIEDZIE\u0106 SI\u0118 O NIM WI\u0118CEJ<\/p>\n\n\n\n<p><\/p>\n\n\n\n<p><a href=\"https:\/\/stefkoweserce.pl\/?page_id=192\">PUCIO<\/a><\/p>\n\n\n\n<p><a href=\"https:\/\/stefkoweserce.pl\/?page_id=221\">WEZYR<\/a><\/p>\n\n\n\n<p><a href=\"https:\/\/stefkoweserce.pl\/?page_id=21\">KEFIREK<\/a><\/p>\n\n\n\n<p><\/p>\n","protected":false},"excerpt":{"rendered":"<p>KLIKNIJ IMI\u0118 KOTA, BY DOWIEDZIE\u0106 SI\u0118 O NIM WI\u0118CEJ PUCIO WEZYR KEFIREK<\/p>\n","protected":false},"author":1,"featured_media":0,"parent":0,"menu_order":0,"comment_status":"closed","ping_status":"closed","template":"","meta":{"footnotes":""},"class_list":["post-198","page","type-page","status-publish","hentry"],"_links":{"self":[{"href":"https:\/\/stefkoweserce.pl\/index.php?rest_route=\/wp\/v2\/pages\/198","targetHints":{"allow":["GET"]}}],"collection":[{"href":"https:\/\/stefkoweserce.pl\/index.php?rest_route=\/wp\/v2\/pages"}],"about":[{"href":"https:\/\/stefkoweserce.pl\/index.php?rest_route=\/wp\/v2\/types\/page"}],"author":[{"embeddable":true,"href":"https:\/\/stefkoweserce.pl\/index.php?rest_route=\/wp\/v2\/users\/1"}],"replies":[{"embeddable":true,"href":"https:\/\/stefkoweserce.pl\/index.php?rest_route=%2Fwp%2Fv2%2Fcomments&post=198"}],"version-history":[{"count":4,"href":"https:\/\/stefkoweserce.pl\/index.php?rest_route=\/wp\/v2\/pages\/198\/revisions"}],"predecessor-version":[{"id":404,"href":"https:\/\/stefkoweserce.pl\/index.php?rest_route=\/wp\/v2\/pages\/198\/revisions\/404"}],"wp:attachment":[{"href":"https:\/\/stefkoweserce.pl\/index.php?rest_route=%2Fwp%2Fv2%2Fmedia&parent=198"}],"curies":[{"name":"wp","href":"https:\/\/api.w.org\/{rel}","templated":true}]}}