{"id":19,"date":"2024-09-22T09:13:12","date_gmt":"2024-09-22T07:13:12","guid":{"rendered":"https:\/\/stefkoweserce.pl\/?page_id=19"},"modified":"2025-09-18T18:47:21","modified_gmt":"2025-09-18T16:47:21","slug":"milka","status":"publish","type":"page","link":"https:\/\/stefkoweserce.pl\/?page_id=19","title":{"rendered":"Mi\u0142ka"},"content":{"rendered":"\n<p>Mi\u0142ka (imi\u0119 hodowlane\/rodowodowe: Zorza Dysgarden). <\/p>\n\n\n\n<p>Ruda, solid [bez pr\u0119gowania]. Kolor EMS: SIB d.<\/p>\n\n\n\n<p>Mi\u0142ka przyjecha\u0142a z Lublina. <\/p>\n\n\n\n<p>Mi\u0142ka jest kotk\u0105 spokojn\u0105, niek\u0142opotliw\u0105. Nigdy nie wykazywa\u0142a agresji &#8211; ani wobec ludzi, ani wobec innych zwierz\u0105t. Do obcych pocz\u0105tkowo nie\u015bmia\u0142a, ale po chwili otwiera si\u0119 i mruczy wtulona. Swoim dzieciom przeka\u017ce pi\u0119kny rudy kolor, dobry charakter i wspania\u0142\u0105, typow\u0105 dla syberyjskich kot\u00f3w budow\u0119 cia\u0142a. <\/p>\n\n\n\n<p>Mi\u0142ka bardzo lubi \u015bwie\u017ce mi\u0119sko oraz spa\u0107 na kanapie. \ud83d\ude09<\/p>\n\n\n\n<p>FeLV\/FiV: negatywne<\/p>\n\n\n\n<p>PKD: USG &#8211; bez nieprawid\u0142owo\u015bci, genetyczne: negatywne (kotka zdrowa)<\/p>\n\n\n\n<p>HCM: USG &#8211; bez nieprawid\u0142owo\u015bci. <\/p>\n\n\n\n<p><\/p>\n\n\n\n<p><a href=\"https:\/\/ssl.felispolonia.eu\/rodowod.php?hid=70xbw1w0g\">RODOW\u00d3D<\/a><\/p>\n\n\n\n<figure class=\"wp-block-image size-large\"><img loading=\"lazy\" decoding=\"async\" width=\"768\" height=\"1024\" src=\"https:\/\/stefkoweserce.pl\/wp-content\/uploads\/2025\/07\/image-3-768x1024.png\" alt=\"\" class=\"wp-image-331\" srcset=\"https:\/\/stefkoweserce.pl\/wp-content\/uploads\/2025\/07\/image-3-768x1024.png 768w, https:\/\/stefkoweserce.pl\/wp-content\/uploads\/2025\/07\/image-3-225x300.png 225w, https:\/\/stefkoweserce.pl\/wp-content\/uploads\/2025\/07\/image-3-1152x1536.png 1152w, https:\/\/stefkoweserce.pl\/wp-content\/uploads\/2025\/07\/image-3.png 1536w\" sizes=\"auto, (max-width: 768px) 100vw, 768px\" \/><\/figure>\n","protected":false},"excerpt":{"rendered":"<p>Mi\u0142ka (imi\u0119 hodowlane\/rodowodowe: Zorza Dysgarden). Ruda, solid [bez pr\u0119gowania]. Kolor EMS: SIB d. Mi\u0142ka przyjecha\u0142a z Lublina. Mi\u0142ka jest kotk\u0105 spokojn\u0105, niek\u0142opotliw\u0105. Nigdy nie wykazywa\u0142a agresji &#8211; ani wobec ludzi, &#8230;<\/p>\n","protected":false},"author":1,"featured_media":0,"parent":0,"menu_order":0,"comment_status":"closed","ping_status":"closed","template":"","meta":{"footnotes":""},"class_list":["post-19","page","type-page","status-publish","hentry"],"_links":{"self":[{"href":"https:\/\/stefkoweserce.pl\/index.php?rest_route=\/wp\/v2\/pages\/19","targetHints":{"allow":["GET"]}}],"collection":[{"href":"https:\/\/stefkoweserce.pl\/index.php?rest_route=\/wp\/v2\/pages"}],"about":[{"href":"https:\/\/stefkoweserce.pl\/index.php?rest_route=\/wp\/v2\/types\/page"}],"author":[{"embeddable":true,"href":"https:\/\/stefkoweserce.pl\/index.php?rest_route=\/wp\/v2\/users\/1"}],"replies":[{"embeddable":true,"href":"https:\/\/stefkoweserce.pl\/index.php?rest_route=%2Fwp%2Fv2%2Fcomments&post=19"}],"version-history":[{"count":5,"href":"https:\/\/stefkoweserce.pl\/index.php?rest_route=\/wp\/v2\/pages\/19\/revisions"}],"predecessor-version":[{"id":373,"href":"https:\/\/stefkoweserce.pl\/index.php?rest_route=\/wp\/v2\/pages\/19\/revisions\/373"}],"wp:attachment":[{"href":"https:\/\/stefkoweserce.pl\/index.php?rest_route=%2Fwp%2Fv2%2Fmedia&parent=19"}],"curies":[{"name":"wp","href":"https:\/\/api.w.org\/{rel}","templated":true}]}}