{"id":162,"date":"2024-11-12T18:51:56","date_gmt":"2024-11-12T17:51:56","guid":{"rendered":"https:\/\/stefkoweserce.pl\/?page_id=162"},"modified":"2025-03-19T18:31:16","modified_gmt":"2025-03-19T17:31:16","slug":"zorza","status":"publish","type":"page","link":"https:\/\/stefkoweserce.pl\/?page_id=162","title":{"rendered":"Zorza"},"content":{"rendered":"\n<p>Zorza Sheer Joy przyjecha\u0142a spod Bydgoszczy w pa\u017adzierniku 2024, a urodzi\u0142a si\u0119 10.07.2024.<\/p>\n\n\n\n<p>Jest to kotka czarna srebrzysta c\u0119tkowana. Dobrze odnalaz\u0142a si\u0119 w naszym stadzie. Najbardziej lubi Misia, Spytk\u0119 i Etn\u0119. <\/p>\n\n\n\n<p>W genach ma \u015bwietne, rosyjskie linie kot\u00f3w syberyjskich. Nie nie ma jednego kota w typie point (Neva Masquerade). Jeste\u015bmy pewni, \u017ce jej dzieci b\u0119d\u0105 du\u017ce, silne i m\u0105dre. <\/p>\n\n\n<div class=\"wp-block-image\">\n<figure class=\"alignleft size-large is-resized\"><img loading=\"lazy\" decoding=\"async\" width=\"1024\" height=\"886\" src=\"https:\/\/stefkoweserce.pl\/wp-content\/uploads\/2024\/11\/IMG_6564-1024x886.jpg\" alt=\"\" class=\"wp-image-163\" style=\"width:358px;height:auto\" srcset=\"https:\/\/stefkoweserce.pl\/wp-content\/uploads\/2024\/11\/IMG_6564-1024x886.jpg 1024w, https:\/\/stefkoweserce.pl\/wp-content\/uploads\/2024\/11\/IMG_6564-300x260.jpg 300w, https:\/\/stefkoweserce.pl\/wp-content\/uploads\/2024\/11\/IMG_6564-768x665.jpg 768w, https:\/\/stefkoweserce.pl\/wp-content\/uploads\/2024\/11\/IMG_6564-1536x1329.jpg 1536w, https:\/\/stefkoweserce.pl\/wp-content\/uploads\/2024\/11\/IMG_6564-2048x1772.jpg 2048w\" sizes=\"auto, (max-width: 1024px) 100vw, 1024px\" \/><\/figure><\/div>\n\n<div class=\"wp-block-image\">\n<figure class=\"alignright size-large is-resized\"><img loading=\"lazy\" decoding=\"async\" width=\"1024\" height=\"768\" src=\"https:\/\/stefkoweserce.pl\/wp-content\/uploads\/2024\/11\/Zdjecie-WhatsApp-2024-11-12-o-18.33.44_817171b1-1024x768.jpg\" alt=\"\" class=\"wp-image-164\" style=\"width:403px;height:auto\" srcset=\"https:\/\/stefkoweserce.pl\/wp-content\/uploads\/2024\/11\/Zdjecie-WhatsApp-2024-11-12-o-18.33.44_817171b1-1024x768.jpg 1024w, https:\/\/stefkoweserce.pl\/wp-content\/uploads\/2024\/11\/Zdjecie-WhatsApp-2024-11-12-o-18.33.44_817171b1-300x225.jpg 300w, https:\/\/stefkoweserce.pl\/wp-content\/uploads\/2024\/11\/Zdjecie-WhatsApp-2024-11-12-o-18.33.44_817171b1-768x576.jpg 768w, https:\/\/stefkoweserce.pl\/wp-content\/uploads\/2024\/11\/Zdjecie-WhatsApp-2024-11-12-o-18.33.44_817171b1-1536x1152.jpg 1536w, https:\/\/stefkoweserce.pl\/wp-content\/uploads\/2024\/11\/Zdjecie-WhatsApp-2024-11-12-o-18.33.44_817171b1.jpg 1734w\" sizes=\"auto, (max-width: 1024px) 100vw, 1024px\" \/><\/figure><\/div>\n\n\n<p><\/p>\n","protected":false},"excerpt":{"rendered":"<p>Zorza Sheer Joy przyjecha\u0142a spod Bydgoszczy w pa\u017adzierniku 2024, a urodzi\u0142a si\u0119 10.07.2024. Jest to kotka czarna srebrzysta c\u0119tkowana. Dobrze odnalaz\u0142a si\u0119 w naszym stadzie. Najbardziej lubi Misia, Spytk\u0119 i &#8230;<\/p>\n","protected":false},"author":1,"featured_media":0,"parent":36,"menu_order":0,"comment_status":"closed","ping_status":"closed","template":"","meta":{"footnotes":""},"class_list":["post-162","page","type-page","status-publish","hentry"],"_links":{"self":[{"href":"https:\/\/stefkoweserce.pl\/index.php?rest_route=\/wp\/v2\/pages\/162","targetHints":{"allow":["GET"]}}],"collection":[{"href":"https:\/\/stefkoweserce.pl\/index.php?rest_route=\/wp\/v2\/pages"}],"about":[{"href":"https:\/\/stefkoweserce.pl\/index.php?rest_route=\/wp\/v2\/types\/page"}],"author":[{"embeddable":true,"href":"https:\/\/stefkoweserce.pl\/index.php?rest_route=\/wp\/v2\/users\/1"}],"replies":[{"embeddable":true,"href":"https:\/\/stefkoweserce.pl\/index.php?rest_route=%2Fwp%2Fv2%2Fcomments&post=162"}],"version-history":[{"count":2,"href":"https:\/\/stefkoweserce.pl\/index.php?rest_route=\/wp\/v2\/pages\/162\/revisions"}],"predecessor-version":[{"id":286,"href":"https:\/\/stefkoweserce.pl\/index.php?rest_route=\/wp\/v2\/pages\/162\/revisions\/286"}],"up":[{"embeddable":true,"href":"https:\/\/stefkoweserce.pl\/index.php?rest_route=\/wp\/v2\/pages\/36"}],"wp:attachment":[{"href":"https:\/\/stefkoweserce.pl\/index.php?rest_route=%2Fwp%2Fv2%2Fmedia&parent=162"}],"curies":[{"name":"wp","href":"https:\/\/api.w.org\/{rel}","templated":true}]}}