{"id":142,"date":"2024-10-24T19:55:18","date_gmt":"2024-10-24T17:55:18","guid":{"rendered":"https:\/\/stefkoweserce.pl\/?page_id=142"},"modified":"2025-09-18T18:49:31","modified_gmt":"2025-09-18T16:49:31","slug":"sprytka","status":"publish","type":"page","link":"https:\/\/stefkoweserce.pl\/?page_id=142","title":{"rendered":"Sprytka"},"content":{"rendered":"\n<p>Sprytka jest kotk\u0105 szylkretow\u0105, czarn\u0105 c\u0119tkowan\u0105. Jej ciemny kolor sprawia wra\u017cenie br\u0105zowego, jednak w rzeczywisto\u015bci jest po prostu ciemnym rudym wymieszanym z czarnym. Sprytka nie ma ani grama bieli. <\/p>\n\n\n\n<p>Sprytka, hodowlanie Yannie Sheer Joy, urodzi\u0142a si\u0119 7.07.2024 i przyjecha\u0142a do naszej hodowli razem z <a href=\"https:\/\/stefkoweserce.pl\/?page_id=162\" data-type=\"link\" data-id=\"https:\/\/stefkoweserce.pl\/?page_id=162\">Zorz\u0105.<\/a><\/p>\n\n\n\n<p>Imi\u0119 zosta\u0142o dla niej wybrane nieprzypadkowo &#8211; jest kociczk\u0105 niepozorn\u0105, a jednak pe\u0142n\u0105 szalonych pomys\u0142\u00f3w. <\/p>\n\n\n\n<p><\/p>\n\n\n\n<p>PKD &#8211; usg bez nieprawid\u0142owo\u015bci<\/p>\n\n\n\n<p>HCM &#8211; usg bez nieprawid\u0142owo\u015bci<\/p>\n\n\n\n<p><a href=\"https:\/\/ssl.felispolonia.eu\/rodowod.php?hid=7w0hbv2w4\" data-type=\"link\" data-id=\"https:\/\/ssl.felispolonia.eu\/rodowod.php?hid=7w0hbv2w4\">Rodow\u00f3d<\/a><\/p>\n\n\n\n<figure class=\"wp-block-image size-large is-resized\"><img loading=\"lazy\" decoding=\"async\" width=\"1024\" height=\"768\" src=\"https:\/\/stefkoweserce.pl\/wp-content\/uploads\/2025\/07\/image-4-1024x768.png\" alt=\"\" class=\"wp-image-333\" style=\"width:561px;height:auto\" srcset=\"https:\/\/stefkoweserce.pl\/wp-content\/uploads\/2025\/07\/image-4-1024x768.png 1024w, https:\/\/stefkoweserce.pl\/wp-content\/uploads\/2025\/07\/image-4-300x225.png 300w, https:\/\/stefkoweserce.pl\/wp-content\/uploads\/2025\/07\/image-4-768x576.png 768w, https:\/\/stefkoweserce.pl\/wp-content\/uploads\/2025\/07\/image-4-1536x1152.png 1536w, https:\/\/stefkoweserce.pl\/wp-content\/uploads\/2025\/07\/image-4.png 2048w\" sizes=\"auto, (max-width: 1024px) 100vw, 1024px\" \/><\/figure>\n\n\n\n<figure class=\"wp-block-image size-large is-resized\"><img loading=\"lazy\" decoding=\"async\" width=\"1024\" height=\"768\" src=\"https:\/\/stefkoweserce.pl\/wp-content\/uploads\/2025\/07\/image-5-1024x768.png\" alt=\"\" class=\"wp-image-334\" style=\"width:564px;height:auto\" srcset=\"https:\/\/stefkoweserce.pl\/wp-content\/uploads\/2025\/07\/image-5-1024x768.png 1024w, https:\/\/stefkoweserce.pl\/wp-content\/uploads\/2025\/07\/image-5-300x225.png 300w, https:\/\/stefkoweserce.pl\/wp-content\/uploads\/2025\/07\/image-5-768x576.png 768w, https:\/\/stefkoweserce.pl\/wp-content\/uploads\/2025\/07\/image-5-1536x1152.png 1536w, https:\/\/stefkoweserce.pl\/wp-content\/uploads\/2025\/07\/image-5.png 2048w\" sizes=\"auto, (max-width: 1024px) 100vw, 1024px\" \/><\/figure>\n","protected":false},"excerpt":{"rendered":"<p>Sprytka jest kotk\u0105 szylkretow\u0105, czarn\u0105 c\u0119tkowan\u0105. Jej ciemny kolor sprawia wra\u017cenie br\u0105zowego, jednak w rzeczywisto\u015bci jest po prostu ciemnym rudym wymieszanym z czarnym. Sprytka nie ma ani grama bieli. Sprytka, &#8230;<\/p>\n","protected":false},"author":1,"featured_media":0,"parent":0,"menu_order":0,"comment_status":"closed","ping_status":"closed","template":"","meta":{"footnotes":""},"class_list":["post-142","page","type-page","status-publish","hentry"],"_links":{"self":[{"href":"https:\/\/stefkoweserce.pl\/index.php?rest_route=\/wp\/v2\/pages\/142","targetHints":{"allow":["GET"]}}],"collection":[{"href":"https:\/\/stefkoweserce.pl\/index.php?rest_route=\/wp\/v2\/pages"}],"about":[{"href":"https:\/\/stefkoweserce.pl\/index.php?rest_route=\/wp\/v2\/types\/page"}],"author":[{"embeddable":true,"href":"https:\/\/stefkoweserce.pl\/index.php?rest_route=\/wp\/v2\/users\/1"}],"replies":[{"embeddable":true,"href":"https:\/\/stefkoweserce.pl\/index.php?rest_route=%2Fwp%2Fv2%2Fcomments&post=142"}],"version-history":[{"count":5,"href":"https:\/\/stefkoweserce.pl\/index.php?rest_route=\/wp\/v2\/pages\/142\/revisions"}],"predecessor-version":[{"id":375,"href":"https:\/\/stefkoweserce.pl\/index.php?rest_route=\/wp\/v2\/pages\/142\/revisions\/375"}],"wp:attachment":[{"href":"https:\/\/stefkoweserce.pl\/index.php?rest_route=%2Fwp%2Fv2%2Fmedia&parent=142"}],"curies":[{"name":"wp","href":"https:\/\/api.w.org\/{rel}","templated":true}]}}