{"id":128,"date":"2024-10-08T07:47:41","date_gmt":"2024-10-08T05:47:41","guid":{"rendered":"https:\/\/stefkoweserce.pl\/?page_id=128"},"modified":"2024-11-16T08:42:16","modified_gmt":"2024-11-16T07:42:16","slug":"misio","status":"publish","type":"page","link":"https:\/\/stefkoweserce.pl\/?page_id=128","title":{"rendered":"Misio"},"content":{"rendered":"\n<p>Misio jest kastrowanym kocurem Neva Masquerade urodzonym 10.04.2020. Z racji kastracji, nie jest kotem hodowlanym, ale aktywnie uczestniczy w \u017cyciu naszej rodziny i jest kochany przez wszystkich cz\u0142onk\u00f3w, wliczaj\u0105c w to zar\u00f3wno ludzi, jak i futrzaki.<\/p>\n\n\n\n<p>Misio mieszka z nami od grudnia 2022. <\/p>\n\n\n\n<p>Ma bardzo przyjacielski charakter, g\u0142\u00f3wnie do kot\u00f3w. Ka\u017cdego nast\u0119pnego osobnika wita z du\u017c\u0105 mi\u0142o\u015bci\u0105 i \u017cyczliwo\u015bci\u0105. Misio uwielbia je\u015b\u0107, le\u017ce\u0107 w budce drapaka i biega\u0107 za w\u0119dk\u0105 (tak, czteroletni kocur jest jeszcze m\u0142ody i lubi si\u0119 bawi\u0107). Bardzo kocha te\u017c ludzi. Sam wskakuje na kolana i wystawia g\u0142ow\u0119 do g\u0142ask\u00f3w. <\/p>\n\n\n\n<p><\/p>\n","protected":false},"excerpt":{"rendered":"<p>Misio jest kastrowanym kocurem Neva Masquerade urodzonym 10.04.2020. Z racji kastracji, nie jest kotem hodowlanym, ale aktywnie uczestniczy w \u017cyciu naszej rodziny i jest kochany przez wszystkich cz\u0142onk\u00f3w, wliczaj\u0105c w &#8230;<\/p>\n","protected":false},"author":1,"featured_media":0,"parent":0,"menu_order":0,"comment_status":"closed","ping_status":"closed","template":"","meta":{"footnotes":""},"class_list":["post-128","page","type-page","status-publish","hentry"],"_links":{"self":[{"href":"https:\/\/stefkoweserce.pl\/index.php?rest_route=\/wp\/v2\/pages\/128","targetHints":{"allow":["GET"]}}],"collection":[{"href":"https:\/\/stefkoweserce.pl\/index.php?rest_route=\/wp\/v2\/pages"}],"about":[{"href":"https:\/\/stefkoweserce.pl\/index.php?rest_route=\/wp\/v2\/types\/page"}],"author":[{"embeddable":true,"href":"https:\/\/stefkoweserce.pl\/index.php?rest_route=\/wp\/v2\/users\/1"}],"replies":[{"embeddable":true,"href":"https:\/\/stefkoweserce.pl\/index.php?rest_route=%2Fwp%2Fv2%2Fcomments&post=128"}],"version-history":[{"count":2,"href":"https:\/\/stefkoweserce.pl\/index.php?rest_route=\/wp\/v2\/pages\/128\/revisions"}],"predecessor-version":[{"id":178,"href":"https:\/\/stefkoweserce.pl\/index.php?rest_route=\/wp\/v2\/pages\/128\/revisions\/178"}],"wp:attachment":[{"href":"https:\/\/stefkoweserce.pl\/index.php?rest_route=%2Fwp%2Fv2%2Fmedia&parent=128"}],"curies":[{"name":"wp","href":"https:\/\/api.w.org\/{rel}","templated":true}]}}