{"id":119,"date":"2024-10-07T17:43:46","date_gmt":"2024-10-07T15:43:46","guid":{"rendered":"https:\/\/stefkoweserce.pl\/?page_id=119"},"modified":"2024-10-24T19:55:28","modified_gmt":"2024-10-24T17:55:28","slug":"kontakt","status":"publish","type":"page","link":"https:\/\/stefkoweserce.pl\/?page_id=119","title":{"rendered":"KONTAKT"},"content":{"rendered":"\n<p>Zapraszamy do kontaktu telefonicznego: 790375342 lub mailowego: projekt.zin@gmail.com. <\/p>\n\n\n\n<p>Ch\u0119tnie odpowiemy r\u00f3wnie\u017c na pytania przez nasze social media<\/p>\n\n\n\n<figure class=\"wp-block-image size-full is-resized\"><a href=\"https:\/\/www.facebook.com\/profile.php?id=61559582194973\" target=\"_blank\" rel=\"noopener\"><img loading=\"lazy\" decoding=\"async\" width=\"474\" height=\"355\" src=\"https:\/\/stefkoweserce.pl\/wp-content\/uploads\/2024\/10\/OIP-1.jpeg\" alt=\"\" class=\"wp-image-120\" style=\"width:153px;height:auto\" srcset=\"https:\/\/stefkoweserce.pl\/wp-content\/uploads\/2024\/10\/OIP-1.jpeg 474w, https:\/\/stefkoweserce.pl\/wp-content\/uploads\/2024\/10\/OIP-1-300x225.jpeg 300w\" sizes=\"auto, (max-width: 474px) 100vw, 474px\" \/><\/a><\/figure>\n\n\n\n<figure class=\"wp-block-image size-large is-resized\"><img loading=\"lazy\" decoding=\"async\" width=\"1024\" height=\"1024\" src=\"https:\/\/stefkoweserce.pl\/wp-content\/uploads\/2024\/10\/R-1024x1024.png\" alt=\"\" class=\"wp-image-121\" style=\"width:106px;height:auto\" srcset=\"https:\/\/stefkoweserce.pl\/wp-content\/uploads\/2024\/10\/R-1024x1024.png 1024w, https:\/\/stefkoweserce.pl\/wp-content\/uploads\/2024\/10\/R-300x300.png 300w, https:\/\/stefkoweserce.pl\/wp-content\/uploads\/2024\/10\/R-150x150.png 150w, https:\/\/stefkoweserce.pl\/wp-content\/uploads\/2024\/10\/R-768x768.png 768w, https:\/\/stefkoweserce.pl\/wp-content\/uploads\/2024\/10\/R-1536x1536.png 1536w, https:\/\/stefkoweserce.pl\/wp-content\/uploads\/2024\/10\/R.png 1600w\" sizes=\"auto, (max-width: 1024px) 100vw, 1024px\" \/><\/figure>\n\n\n\n<p><\/p>\n","protected":false},"excerpt":{"rendered":"<p>Zapraszamy do kontaktu telefonicznego: 790375342 lub mailowego: projekt.zin@gmail.com. Ch\u0119tnie odpowiemy r\u00f3wnie\u017c na pytania przez nasze social media<\/p>\n","protected":false},"author":1,"featured_media":0,"parent":0,"menu_order":0,"comment_status":"closed","ping_status":"closed","template":"","meta":{"footnotes":""},"class_list":["post-119","page","type-page","status-publish","hentry"],"_links":{"self":[{"href":"https:\/\/stefkoweserce.pl\/index.php?rest_route=\/wp\/v2\/pages\/119","targetHints":{"allow":["GET"]}}],"collection":[{"href":"https:\/\/stefkoweserce.pl\/index.php?rest_route=\/wp\/v2\/pages"}],"about":[{"href":"https:\/\/stefkoweserce.pl\/index.php?rest_route=\/wp\/v2\/types\/page"}],"author":[{"embeddable":true,"href":"https:\/\/stefkoweserce.pl\/index.php?rest_route=\/wp\/v2\/users\/1"}],"replies":[{"embeddable":true,"href":"https:\/\/stefkoweserce.pl\/index.php?rest_route=%2Fwp%2Fv2%2Fcomments&post=119"}],"version-history":[{"count":1,"href":"https:\/\/stefkoweserce.pl\/index.php?rest_route=\/wp\/v2\/pages\/119\/revisions"}],"predecessor-version":[{"id":123,"href":"https:\/\/stefkoweserce.pl\/index.php?rest_route=\/wp\/v2\/pages\/119\/revisions\/123"}],"wp:attachment":[{"href":"https:\/\/stefkoweserce.pl\/index.php?rest_route=%2Fwp%2Fv2%2Fmedia&parent=119"}],"curies":[{"name":"wp","href":"https:\/\/api.w.org\/{rel}","templated":true}]}}